{"id":99,"date":"2021-05-21T15:37:10","date_gmt":"2021-05-21T13:37:10","guid":{"rendered":"http:\/\/www.hotelemilia.it\/?page_id=99"},"modified":"2022-09-14T13:30:34","modified_gmt":"2022-09-14T11:30:34","slug":"camere","status":"publish","type":"page","link":"https:\/\/www.hotelemilia.it\/fr\/camere\/","title":{"rendered":"Chambres"},"content":{"rendered":"<div id=\"flc-carousel\" data-cellalign=\"center\" data-bglazyload=\"1\" data-freescroll=\"true\" data-wraparound=\"true\" data-autoplay=\"2000\" data-pauseautoplayonhover =\"true\" data-prevnextbuttons=\"false\" data-contain=\"true\" data-pagedots=\"false\" data-draggable=\"false\" data-groupcells=\"1\" data-fade=\"true\" class=\"js--flickity wao-blocks-slider flc-carousel-40140\"  >\n\n                            <div class=\"w-100\">\n                    \n    <div style='background: url(http:\/\/www.hotelemilia.it\/wp-content\/uploads\/2021\/05\/DSCF4761.jpg)center center ; background-blend-mode: multiply; background-size: cover; height: 60vh; background-position: 50% 50%;' class='wao-blocks-flc-banner'>\n        <div \n            class='carousel-caption mobile-tablet-centered' \n                        style='max-width: 100%; bottom: ; background-color:  ; margin:  auto            '>\n                    <\/div>\n        <style>\n            @media screen and (max-width: 992px) {\n                .mobile-tablet-centered {\n                    margin: auto !important;\n                }\n            }\n        <\/style>\n    <\/div>\n    \n                <\/div>\n            \n<\/div>\n\n<section class=\"wao-blocks-container container-fluid mb-2 py-4\"\n\t\t>\n    \n<div class=\"wao-blocks-row row max-w-1400 mx-auto\" >\n    \n\n<div class=\"col-12 col-md-12\"\n     \n\t \n\t>\n        \n\n<div class=\"breadcrumb-block font-weight-bold\"\n    >\n    <div class=\"text-primary text-uppercase\">\n        <a href=\"https:\/\/www.hotelemilia.it\/fr\" rel=\"nofollow\" title=\"Accueil\">Accueil &gt;<\/a>\n        Chambres    <\/div>\n<\/div>\n    <\/div>\n<\/div>\n<\/section>\n\n<section class=\"wao-blocks-container container-fluid mb-2\"\n\t\t>\n    \n<div class=\"wao-blocks-row row py-3 justify-content-end align-item-center\" >\n    \n\n<div class=\"col-12 col-md-6 max-w-600 p-md-5 p-3 d-flex align-items-center\"\n     \n\t \n\t>\n        \n<div>\n\n\n<h1 class=\"pb-3 wp-block-heading\">Nos chambres, parfaites pour se reposer en vacances<\/h1>\n\n\n\n<p>L'h\u00f4tel Emilia a <strong>des chambres de diff\u00e9rents types<\/strong>convient \u00e0 tous les besoins. Nous avons des produits doubles, triples, simples et <strong>chambres familiales <\/strong>avec un lit superpos\u00e9 suppl\u00e9mentaire.<\/p>\n\n\n\n<p>Les chambres sont tr\u00e8s <strong>spaci spacieux et lumineux<\/strong>parfait pour un bon repos en vacances.<\/p>\n\n\n\n<p>En outre, toutes les chambres sont soigneusement nettoy\u00e9es chaque jour et le nettoyage est g\u00e9r\u00e9 personnellement par la famille Pazzini.<\/p>\n\n\n\n<p>Certaines de nos chambres sont \u00e9galement accessibles aux personnes handicap\u00e9es.<\/p>\n\n\n<\/div>\n    <\/div>\n\n\n<div class=\"col-12 col-md-6 px-0 js--hideme\"\n    data-anim=\"bounceInRight\"\n     \n\t \n\t>\n        \n    <figure\n        class=\"wao-blocks-immagine-bkg\"\n        style=\"background: url('http:\/\/www.hotelemilia.it\/wp-content\/uploads\/2021\/05\/DSCF4866-1024x683.jpg') center center \/ cover no-repeat; min-height: 600px;\"\n        >\n            <\/figure>\n\n    <\/div>\n<\/div>\n\n<div class=\"wao-blocks-row row py-3 align-item-center position-relative\" >\n    \n\n<div class=\"col-12 col-md-8 px-0 order-md-1 order-2 js--hideme\"\n    data-anim=\"bounceInLeft\"\n     \n\t \n\t>\n        \n    <figure\n        class=\"wao-blocks-immagine-bkg\"\n        style=\"background: url('http:\/\/www.hotelemilia.it\/wp-content\/uploads\/2021\/05\/DSCF4823-1024x683.jpg') center center \/ cover no-repeat; min-height: 600px;\"\n        >\n            <\/figure>\n\n    <\/div>\n\n\n<div class=\"col-12 col-md-6 p-3 d-flex align-items-center order-md-2 order-1 img-overlap-dx\"\n     \n\t \n\t>\n        \n<div class=\"box-dx-over\">\n\n\n<h2 class=\"wp-block-heading\">Nos services en chambre<\/h2>\n\n\n\n<h3 class=\"font-alternativo pb-3 wp-block-heading\">Tout le confort pour des vacances reposantes<\/h3>\n\n\n\n<p>Toutes les chambres sont soigneusement d\u00e9cor\u00e9es et \u00e9quip\u00e9es de nombreuses commodit\u00e9s, notamment :<\/p>\n\n\n\n<ul class=\"wp-block-list\"><li>Balcon (face \u00e0 la mer ou vue sur la mer)<\/li><li>Climatisation et chauffage r\u00e9glables<\/li><li>Cabine de douche<\/li><li>T\u00e9l\u00e9vision par satellite<\/li><li>R\u00e9frig\u00e9rateur en suppl\u00e9ment<\/li><li>S\u00e8che-cheveux<\/li><li>T\u00e9l\u00e9phone<\/li><li>Wi-Fi<\/li><\/ul>\n\n\n<\/div>\n    <\/div>\n<\/div>\n\n<div class=\"wao-blocks-row row py-3 justify-content-end align-item-center\" >\n    \n\n<div class=\"col-12 col-md-5 max-w-600 p-md-5 p-3 d-flex align-items-center\"\n     \n\t \n\t>\n        \n<div>\n\n\n<h2 class=\"wp-block-heading\">Les plus de l'h\u00f4tel Emilia<\/h2>\n\n\n\n<h3 class=\"font-alternativo pb-3 wp-block-heading\">Le meilleur pour nos clients<\/h3>\n\n\n\n<p>Parmi les services mis \u00e0 la disposition de nos h\u00f4tes, le plus appr\u00e9ci\u00e9 est sans doute le <strong>r\u00e9frig\u00e9rateur<\/strong>disponible avec un<strong> petit suppl\u00e9ment<\/strong>. En \u00e9t\u00e9 surtout, il n'y a rien de mieux qu'une boisson fra\u00eeche quand on en a envie !<\/p>\n\n\n\n<p>Une autre caract\u00e9ristique appr\u00e9ci\u00e9e par les clients est certainement la <strong>balcon<\/strong>avec <strong>vue directe sur la mer<\/strong>Parfait pour commencer la journ\u00e9e du bon pied ou pour la terminer devant un magnifique coucher de soleil !<\/p>\n\n\n<\/div>\n    <\/div>\n\n\n<div class=\"col-12 col-md-7 px-0 js--hideme\"\n    data-anim=\"bounceInRight\"\n     \n\t \n\t>\n        \n    <figure\n        class=\"wao-blocks-immagine-bkg\"\n        style=\"background: url('http:\/\/www.hotelemilia.it\/wp-content\/uploads\/2021\/05\/DSCF4777-1024x683.jpg') center center \/ cover no-repeat; min-height: 600px;\"\n        >\n            <\/figure>\n\n    <\/div>\n<\/div>\n<\/section>","protected":false},"excerpt":{"rendered":"","protected":false},"author":1,"featured_media":0,"parent":0,"menu_order":0,"comment_status":"closed","ping_status":"closed","template":"","meta":{"footnotes":""},"class_list":["post-99","page","type-page","status-publish","hentry"],"_links":{"self":[{"href":"https:\/\/www.hotelemilia.it\/fr\/wp-json\/wp\/v2\/pages\/99","targetHints":{"allow":["GET"]}}],"collection":[{"href":"https:\/\/www.hotelemilia.it\/fr\/wp-json\/wp\/v2\/pages"}],"about":[{"href":"https:\/\/www.hotelemilia.it\/fr\/wp-json\/wp\/v2\/types\/page"}],"author":[{"embeddable":true,"href":"https:\/\/www.hotelemilia.it\/fr\/wp-json\/wp\/v2\/users\/1"}],"replies":[{"embeddable":true,"href":"https:\/\/www.hotelemilia.it\/fr\/wp-json\/wp\/v2\/comments?post=99"}],"version-history":[{"count":3,"href":"https:\/\/www.hotelemilia.it\/fr\/wp-json\/wp\/v2\/pages\/99\/revisions"}],"predecessor-version":[{"id":1379,"href":"https:\/\/www.hotelemilia.it\/fr\/wp-json\/wp\/v2\/pages\/99\/revisions\/1379"}],"wp:attachment":[{"href":"https:\/\/www.hotelemilia.it\/fr\/wp-json\/wp\/v2\/media?parent=99"}],"curies":[{"name":"wp","href":"https:\/\/api.w.org\/{rel}","templated":true}]}}