{"id":97,"date":"2021-05-21T15:36:58","date_gmt":"2021-05-21T13:36:58","guid":{"rendered":"http:\/\/www.hotelemilia.it\/?page_id=97"},"modified":"2021-06-07T14:31:58","modified_gmt":"2021-06-07T12:31:58","slug":"spiaggia","status":"publish","type":"page","link":"https:\/\/www.hotelemilia.it\/fr\/spiaggia\/","title":{"rendered":"Plage"},"content":{"rendered":"<div id=\"flc-carousel\" data-cellalign=\"center\" data-bglazyload=\"1\" data-freescroll=\"true\" data-wraparound=\"true\" data-autoplay=\"2000\" data-pauseautoplayonhover =\"true\" data-prevnextbuttons=\"false\" data-contain=\"true\" data-pagedots=\"false\" data-draggable=\"false\" data-groupcells=\"1\" data-fade=\"true\" class=\"js--flickity wao-blocks-slider flc-carousel-76812\"  >\n\n                            <div class=\"w-100\">\n                    \n    <div style='background: url(http:\/\/www.hotelemilia.it\/wp-content\/uploads\/2021\/06\/top-spiaggia-001.jpg)center center ; background-blend-mode: multiply; background-size: cover; height: 60vh; background-position: ;' class='wao-blocks-flc-banner'>\n        <div \n            class='carousel-caption mobile-tablet-centered' \n                        style='max-width: 100%; bottom: ; background-color:  ; margin:  auto            '>\n                    <\/div>\n        <style>\n            @media screen and (max-width: 992px) {\n                .mobile-tablet-centered {\n                    margin: auto !important;\n                }\n            }\n        <\/style>\n    <\/div>\n    \n                <\/div>\n            \n<\/div>\n\n<section class=\"wao-blocks-container container-fluid mb-2 py-4\"\n\t\t>\n    \n<div class=\"wao-blocks-row row max-w-1400 mx-auto\" >\n    \n\n<div class=\"col-12 col-md-12\"\n     \n\t \n\t>\n        \n\n<div class=\"breadcrumb-block font-weight-bold\"\n    >\n    <div class=\"text-primary text-uppercase\">\n        <a href=\"https:\/\/www.hotelemilia.it\/fr\" rel=\"nofollow\" title=\"Accueil\">Accueil &gt;<\/a>\n        Plage    <\/div>\n<\/div>\n    <\/div>\n<\/div>\n<\/section>\n\n<section class=\"wao-blocks-container container-fluid mb-2\"\n\t\t>\n    \n<div class=\"wao-blocks-row row py-3 justify-content-end align-item-center\" >\n    \n\n<div class=\"col-12 col-md-6 max-w-600 p-md-5 p-3 d-flex align-items-center\"\n     \n\t \n\t>\n        \n<div>\n\n\n<h2 class=\"pb-3 wp-block-heading\">Position privil\u00e9gi\u00e9e, front de mer<\/h2>\n\n\n\n<p>L'h\u00f4tel Emilia est situ\u00e9 dans un endroit id\u00e9al, <strong>juste en face de la plage <\/strong>de Torre Pedrera.<\/p>\n\n\n\n<p>Cet emplacement est parfait pour ceux qui choisissent la Riviera et veulent passer des vacances \u00e0 la plage dans un confort total ; pour rejoindre la plage depuis l'h\u00f4tel, en fait, il suffit de quelques pas !<\/p>\n\n\n<\/div>\n    <\/div>\n\n\n<div class=\"col-12 col-md-6 px-0 js--hideme\"\n    data-anim=\"bounceInRight\"\n     \n\t \n\t>\n        \n    <figure\n        class=\"wao-blocks-immagine-bkg\"\n        style=\"background: url('http:\/\/www.hotelemilia.it\/wp-content\/uploads\/2021\/05\/DSCF36242-1024x683.jpg') center center \/ cover no-repeat; min-height: 600px;\"\n        >\n            <\/figure>\n\n    <\/div>\n<\/div>\n\n<div class=\"wao-blocks-row row py-3 align-item-center position-relative\" >\n    \n\n<div class=\"col-12 col-md-8 px-0 order-md-1 order-2 js--hideme\"\n    data-anim=\"bounceInLeft\"\n     \n\t \n\t>\n        \n    <figure\n        class=\"wao-blocks-immagine-bkg\"\n        style=\"background: url('http:\/\/www.hotelemilia.it\/wp-content\/uploads\/2021\/05\/DSCF36272_1-1024x683.jpg') center center \/ cover no-repeat; min-height: 600px;\"\n        >\n            <\/figure>\n\n    <\/div>\n\n\n<div class=\"col-12 col-md-6 p-3 d-flex align-items-center order-md-2 order-1 img-overlap-dx\"\n     \n\t \n\t>\n        \n<div class=\"box-dx-over\">\n\n\n<h2 class=\"wp-block-heading\">Des vacances en mer toute l'ann\u00e9e<\/h2>\n\n\n\n<h3 class=\"font-alternativo pb-3 wp-block-heading\">Pour ceux qui aiment la mer m\u00eame en hiver<\/h3>\n\n\n\n<p>L'h\u00f4tel Emilia est id\u00e9al pour ceux qui aiment la mer, \u00e9t\u00e9 comme hiver. Nos chambres sont confortables et douillettes, et toutes disposent d'une salle de bains priv\u00e9e. <strong>fantastique vue de la mer<\/strong>pour tirer le meilleur parti de vos jours de vacances.<\/p>\n\n\n\n<p>Pour ceux qui souhaitent rester en hiver, gr\u00e2ce \u00e0 la<strong>ouverture annuelle<\/strong> de notre structure, vous pourrez profiter de longues promenades sur la plage et siroter un bon verre en regardant la mer, toujours belle, en toute saison !<\/p>\n\n\n<\/div>\n    <\/div>\n<\/div>\n\n<div class=\"wao-blocks-row row py-3  align-item-center justify-content-end\" >\n    \n\n<div class=\"col-12 col-md-6 max-w-600 p-md-5 p-3 d-flex align-items-center\"\n     \n\t \n\t>\n        \n<div>\n\n\n<h2 class=\"wp-block-heading\">Plage en face de l'h\u00f4tel<\/h2>\n\n\n\n<h3 class=\"font-alternativo pb-3 wp-block-heading\">A quelques pas de la mer<\/h3>\n\n\n\n<p>L'h\u00f4tel Emilia a pass\u00e9 un accord avec certains des \u00e9tablissements situ\u00e9s juste en face de l'h\u00f4tel. Gr\u00e2ce \u00e0 cet accord, ceux qui s\u00e9journent \u00e0 l'h\u00f4tel Emilia b\u00e9n\u00e9ficieront d'une r\u00e9duction <strong>rabais <\/strong>sur la location de <strong>chaises longues et parasols <\/strong>sur la plage.<\/p>\n\n\n\n<p>Les eaux peu profondes de notre mer, permettent aux enfants et aux familles de s'amuser en toute tranquillit\u00e9, sans aucun risque.<\/p>\n\n\n\n<p>Les lidos qui ont un accord avec l'association proposent \u00e9galement des aires de jeux, une <strong>animation <\/strong>avec de nombreuses activit\u00e9s dont des tournois pour adultes et enfants !<\/p>\n\n\n<\/div>\n    <\/div>\n\n\n<div class=\"col-12 col-md-6 px-0 js--hideme\"\n    data-anim=\"bounceInRight\"\n     \n\t \n\t>\n        \n    <figure\n        class=\"wao-blocks-immagine-bkg\"\n        style=\"background: url('http:\/\/www.hotelemilia.it\/wp-content\/uploads\/2021\/05\/DSCF36222-1024x683.jpg') center center \/ cover no-repeat; min-height: 600px;\"\n        >\n            <\/figure>\n\n    <\/div>\n<\/div>\n<\/section>","protected":false},"excerpt":{"rendered":"","protected":false},"author":1,"featured_media":0,"parent":0,"menu_order":0,"comment_status":"closed","ping_status":"closed","template":"","meta":{"footnotes":""},"class_list":["post-97","page","type-page","status-publish","hentry"],"_links":{"self":[{"href":"https:\/\/www.hotelemilia.it\/fr\/wp-json\/wp\/v2\/pages\/97","targetHints":{"allow":["GET"]}}],"collection":[{"href":"https:\/\/www.hotelemilia.it\/fr\/wp-json\/wp\/v2\/pages"}],"about":[{"href":"https:\/\/www.hotelemilia.it\/fr\/wp-json\/wp\/v2\/types\/page"}],"author":[{"embeddable":true,"href":"https:\/\/www.hotelemilia.it\/fr\/wp-json\/wp\/v2\/users\/1"}],"replies":[{"embeddable":true,"href":"https:\/\/www.hotelemilia.it\/fr\/wp-json\/wp\/v2\/comments?post=97"}],"version-history":[{"count":0,"href":"https:\/\/www.hotelemilia.it\/fr\/wp-json\/wp\/v2\/pages\/97\/revisions"}],"wp:attachment":[{"href":"https:\/\/www.hotelemilia.it\/fr\/wp-json\/wp\/v2\/media?parent=97"}],"curies":[{"name":"wp","href":"https:\/\/api.w.org\/{rel}","templated":true}]}}