{"id":94,"date":"2021-05-21T15:36:50","date_gmt":"2021-05-21T13:36:50","guid":{"rendered":"http:\/\/www.hotelemilia.it\/?page_id=94"},"modified":"2021-06-07T14:33:40","modified_gmt":"2021-06-07T12:33:40","slug":"ristorante","status":"publish","type":"page","link":"https:\/\/www.hotelemilia.it\/fr\/ristorante\/","title":{"rendered":"Restaurant"},"content":{"rendered":"<div id=\"flc-carousel\" data-cellalign=\"center\" data-bglazyload=\"1\" data-freescroll=\"true\" data-wraparound=\"true\" data-autoplay=\"2000\" data-pauseautoplayonhover =\"true\" data-prevnextbuttons=\"false\" data-contain=\"true\" data-pagedots=\"false\" data-draggable=\"false\" data-groupcells=\"1\" data-fade=\"true\" class=\"js--flickity wao-blocks-slider flc-carousel-94180\"  >\n\n                            <div class=\"w-100\">\n                    \n    <div style='background: url(http:\/\/www.hotelemilia.it\/wp-content\/uploads\/2021\/05\/DSCF5917.jpg)center center ; background-blend-mode: multiply; background-size: cover; height: 60vh; background-position: 50% 100%;' class='wao-blocks-flc-banner'>\n        <div \n            class='carousel-caption mobile-tablet-centered' \n                        style='max-width: 100%; bottom: ; background-color:  ; margin:  auto            '>\n                    <\/div>\n        <style>\n            @media screen and (max-width: 992px) {\n                .mobile-tablet-centered {\n                    margin: auto !important;\n                }\n            }\n        <\/style>\n    <\/div>\n    \n                <\/div>\n            \n<\/div>\n\n<section class=\"wao-blocks-container container-fluid mb-2 py-4\"\n\t\t>\n    \n<div class=\"wao-blocks-row row max-w-1400 mx-auto\" >\n    \n\n<div class=\"col-12 col-md-12\"\n     \n\t \n\t>\n        \n\n<div class=\"breadcrumb-block font-weight-bold\"\n    >\n    <div class=\"text-primary text-uppercase\">\n        <a href=\"https:\/\/www.hotelemilia.it\/fr\" rel=\"nofollow\" title=\"Accueil\">Accueil &gt;<\/a>\n        Restaurant    <\/div>\n<\/div>\n    <\/div>\n<\/div>\n<\/section>\n\n<section class=\"wao-blocks-container container-fluid mb-2\"\n\t\t>\n    \n<div class=\"wao-blocks-row row py-3 justify-content-end align-item-center\" >\n    \n\n<div class=\"col-12 col-md-6 max-w-600 p-md-5 p-3 d-flex align-items-center\"\n     \n\t \n\t>\n        \n<div>\n\n\n<h2 class=\"wp-block-heading\">Petit-d\u00e9jeuner<\/h2>\n\n\n\n<h3 class=\"font-alternativo pb-3 wp-block-heading\">Commencer la journ\u00e9e du bon pied<\/h3>\n\n\n\n<p>Au petit-d\u00e9jeuner, nos h\u00f4tes trouveront un buffet avec <strong>un large choix <\/strong>de croissants, de biscuits, de yaourts et de fruits de mer. <strong>g\u00e2teaux faits maison <\/strong>par les cuisiniers de la famille !<\/p>\n\n\n\n<p>Tous les produits sont frais, sains et savoureux et les desserts sont pr\u00e9par\u00e9s avec des ingr\u00e9dients de premi\u00e8re qualit\u00e9.<\/p>\n\n\n\n<p>Pour le petit-d\u00e9jeuner, l'entr\u00e9e de la chambre est <strong>de 7 h 30 \u00e0 9 h 30.<\/strong>.<\/p>\n\n\n<\/div>\n    <\/div>\n\n\n<div class=\"col-12 col-md-6 px-0 js--hideme\"\n    data-anim=\"bounceInRight\"\n     \n\t \n\t>\n        \n    <figure\n        class=\"wao-blocks-immagine-bkg\"\n        style=\"background: url('http:\/\/www.hotelemilia.it\/wp-content\/uploads\/2021\/05\/DSCF5496-1024x683.jpg') center center \/ cover no-repeat; min-height: 600px;\"\n        >\n            <\/figure>\n\n    <\/div>\n<\/div>\n\n<div class=\"wao-blocks-row row py-3 align-item-center position-relative\" >\n    \n\n<div class=\"col-12 col-md-8 px-0 order-md-1 order-2 js--hideme\"\n    data-anim=\"bounceInLeft\"\n     \n\t \n\t>\n        \n    <figure\n        class=\"wao-blocks-immagine-bkg\"\n        style=\"background: url('http:\/\/www.hotelemilia.it\/wp-content\/uploads\/2021\/05\/DSCF5988_3_4-1024x768.jpg') center center \/ cover no-repeat; min-height: 600px;\"\n        >\n            <\/figure>\n\n    <\/div>\n\n\n<div class=\"col-12 col-md-6 p-3 d-flex align-items-center order-md-2 order-1 img-overlap-dx\"\n     \n\t \n\t>\n        \n<div class=\"box-dx-over\">\n\n\n<h2 class=\"wp-block-heading\">La salle des restaurants<\/h2>\n\n\n\n<h3 class=\"font-alternativo pb-3 wp-block-heading\">Un environnement agr\u00e9able et confortable<\/h3>\n\n\n\n<p>Notre salle \u00e0 manger est tr\u00e8s confortable et constitue l'endroit id\u00e9al pour passer votre temps de repas en toute tranquillit\u00e9.<\/p>\n\n\n\n<p>Le d\u00e9jeuner et le d\u00eener sont servis \u00e0 la table et nos invit\u00e9s pourront choisir leur nourriture parmi une gamme de produits. <strong>choix du menu<\/strong>toujours vari\u00e9s et savoureux. En outre, nous proposons un riche buffet de l\u00e9gumes et d'amuse-gueules pour accompagner les plats principaux.<\/p>\n\n\n\n<p>En ce qui concerne les heures de repas, le <strong>d\u00e9jeuner <\/strong>servi <strong>\u00e0 partir de 12h30<\/strong>tandis que <strong>d\u00eener \u00e0 partir de 19:15<\/strong>.<\/p>\n\n\n<\/div>\n    <\/div>\n<\/div>\n\n<div class=\"wao-blocks-row row py-3 justify-content-end align-item-center\" >\n    \n\n<div class=\"col-12 col-md-6 max-w-600 p-md-5 p-3 d-flex align-items-center\"\n     \n\t \n\t>\n        \n<div>\n\n\n<h2 class=\"wp-block-heading\">Notre restaurant est parfait pour les familles<\/h2>\n\n\n\n<h3 class=\"font-alternativo pb-3 wp-block-heading\">Toutes les pr\u00e9cautions pour les enfants et les parents !<\/h3>\n\n\n\n<p>Notre restaurant est \u00e9galement adapt\u00e9 aux familles avec enfants ; nous disposons de chaises sur mesure pour nos petits invit\u00e9s, <strong>chaises hautes <\/strong>et un<strong> menu sp\u00e9cial <\/strong>r\u00e9serv\u00e9 pour eux, avec des propositions savoureuses et saines ! En outre, pour les m\u00e8res, il y a le <strong>possibilit\u00e9 de pr\u00e9parer les repas de mani\u00e8re autonome<\/strong> pour les petits.<\/p>\n\n\n<\/div>\n    <\/div>\n\n\n<div class=\"col-12 col-md-6 px-0 js--hideme\"\n    data-anim=\"bounceInRight\"\n     \n\t \n\t>\n        \n    <figure\n        class=\"wao-blocks-immagine-bkg\"\n        style=\"background: url('http:\/\/www.hotelemilia.it\/wp-content\/uploads\/2021\/05\/DSCF5903-1024x683.jpg') center center \/ cover no-repeat; min-height: 600px;\"\n        >\n            <\/figure>\n\n    <\/div>\n<\/div>\n\n<div class=\"wao-blocks-row row py-3 align-item-center position-relative\" >\n    \n\n<div class=\"col-12 col-md-8 px-0 order-md-1 order-2 js--hideme\"\n    data-anim=\"bounceInLeft\"\n     \n\t \n\t>\n        \n    <figure\n        class=\"wao-blocks-immagine-bkg\"\n        style=\"background: url('http:\/\/www.hotelemilia.it\/wp-content\/uploads\/2021\/05\/P1090110-1024x769.jpg') center center \/ cover no-repeat; min-height: 600px;\"\n        >\n            <\/figure>\n\n    <\/div>\n\n\n<div class=\"col-12 col-md-6 p-3 d-flex align-items-center order-md-2 order-1 img-overlap-dx\"\n     \n\t \n\t>\n        \n<div class=\"box-dx-over\">\n\n\n<h2 class=\"wp-block-heading\">Sans gluten<\/h2>\n\n\n\n<h3 class=\"font-alternativo pb-3 wp-block-heading\">Diff\u00e9rentes propositions pour satisfaire tous les besoins<\/h3>\n\n\n\n<p>Pour les clients<strong> intol\u00e9rant au gluten<\/strong> ou pour le <strong>v\u00e9g\u00e9tariens<\/strong>Il existe la possibilit\u00e9 de demander, \u00e0 l'avance, une <strong>menu alternatif<\/strong> selon les go\u00fbts de chacun.<\/p>\n\n\n\n<p>Le choix de produits de premi\u00e8re qualit\u00e9, toujours frais et de saison, est l'un des points forts de l'H\u00f4tel Emilia, qui s'engage chaque jour \u00e0 n'offrir que le meilleur \u00e0 ses clients.<\/p>\n\n\n<\/div>\n    <\/div>\n<\/div>\n<\/section>","protected":false},"excerpt":{"rendered":"","protected":false},"author":1,"featured_media":0,"parent":0,"menu_order":0,"comment_status":"closed","ping_status":"closed","template":"","meta":{"footnotes":""},"class_list":["post-94","page","type-page","status-publish","hentry"],"_links":{"self":[{"href":"https:\/\/www.hotelemilia.it\/fr\/wp-json\/wp\/v2\/pages\/94","targetHints":{"allow":["GET"]}}],"collection":[{"href":"https:\/\/www.hotelemilia.it\/fr\/wp-json\/wp\/v2\/pages"}],"about":[{"href":"https:\/\/www.hotelemilia.it\/fr\/wp-json\/wp\/v2\/types\/page"}],"author":[{"embeddable":true,"href":"https:\/\/www.hotelemilia.it\/fr\/wp-json\/wp\/v2\/users\/1"}],"replies":[{"embeddable":true,"href":"https:\/\/www.hotelemilia.it\/fr\/wp-json\/wp\/v2\/comments?post=94"}],"version-history":[{"count":0,"href":"https:\/\/www.hotelemilia.it\/fr\/wp-json\/wp\/v2\/pages\/94\/revisions"}],"wp:attachment":[{"href":"https:\/\/www.hotelemilia.it\/fr\/wp-json\/wp\/v2\/media?parent=94"}],"curies":[{"name":"wp","href":"https:\/\/api.w.org\/{rel}","templated":true}]}}