{"id":123,"date":"2021-05-21T15:39:52","date_gmt":"2021-05-21T13:39:52","guid":{"rendered":"http:\/\/www.hotelemilia.it\/?page_id=123"},"modified":"2021-06-04T16:26:26","modified_gmt":"2021-06-04T14:26:26","slug":"entroterra","status":"publish","type":"page","link":"https:\/\/www.hotelemilia.it\/fr\/entroterra\/","title":{"rendered":"Inland"},"content":{"rendered":"<div id=\"flc-carousel\" data-cellalign=\"center\" data-bglazyload=\"1\" data-freescroll=\"true\" data-wraparound=\"true\" data-autoplay=\"2000\" data-pauseautoplayonhover =\"true\" data-prevnextbuttons=\"false\" data-contain=\"true\" data-pagedots=\"false\" data-draggable=\"false\" data-groupcells=\"1\" data-fade=\"true\" class=\"js--flickity wao-blocks-slider flc-carousel-63887\"  >\n\n                            <div class=\"w-100\">\n                    \n    <div style='background: url(http:\/\/www.hotelemilia.it\/wp-content\/uploads\/2021\/06\/top-escursioni-romagna-1.jpg)center center ; background-blend-mode: multiply; background-size: cover; height: 60vh; background-position: center center;' class='wao-blocks-flc-banner'>\n        <div \n            class='carousel-caption mobile-tablet-centered' \n                        style='max-width: 100%; bottom: ; background-color:  ; margin:  auto            '>\n                    <\/div>\n        <style>\n            @media screen and (max-width: 992px) {\n                .mobile-tablet-centered {\n                    margin: auto !important;\n                }\n            }\n        <\/style>\n    <\/div>\n    \n                <\/div>\n            \n<\/div>\n\n<section class=\"wao-blocks-container container-fluid mb-2 py-4\"\n\t\t>\n    \n<div class=\"wao-blocks-row row max-w-1400 mx-auto\" >\n    \n\n<div class=\"col-12 col-md-12\"\n     \n\t \n\t>\n        \n\n<div class=\"breadcrumb-block font-weight-bold\"\n    >\n    <div class=\"text-primary text-uppercase\">\n        <a href=\"https:\/\/www.hotelemilia.it\/fr\" rel=\"nofollow\" title=\"Accueil\">Accueil &gt;<\/a>\n        Inland    <\/div>\n<\/div>\n    <\/div>\n<\/div>\n<\/section>\n\n<section class=\"wao-blocks-container container mb-2\"\n\t\t>\n    \n<div class=\"wao-blocks-row row\" >\n    \n\n<div class=\"col-12 col-md-12\"\n     \n\t \n\t>\n        \n\n<h1 class=\"text-center wp-block-heading\">Inland<\/h1>\n\n\n\n<p class=\"text-center\">La Riviera Romagnola offre un arri\u00e8re-pays riche en histoire, en saveurs et en couleurs qu'il est impossible d'oublier.<\/p>\n\n    <\/div>\n<\/div>\n<\/section>\n\n<section class=\"wao-blocks-container container-fluid mb-2\"\n\t\t>\n    \n<div class=\"wao-blocks-row row py-3 justify-content-end\" >\n    \n\n<div class=\"col-12 col-md-6 max-w-600 p-md-5 p-3 d-flex align-items-center\"\n     \n\t \n\t>\n        \n<div>\n\n\n<h2 class=\"pb-3 wp-block-heading\">SAN LEO<\/h2>\n\n\n\n<p><strong>Saint L\u00e9o <\/strong>s'\u00e9l\u00e8ve sur la plus haute montagne des Apennins : le mont Feliciano, si abrupt qu'on ne peut y acc\u00e9der que par une seule route taill\u00e9e dans la roche. Au sommet de San Leo se dresse la puissante forteresse con\u00e7ue par Francesco di Giorgio Martini : l'un des plus grands promoteurs, avec L\u00e9onard de Vinci, de l'architecture militaire de la Renaissance florentine. Au milieu du village, surplombant une charmante petite place, se dressent les <strong>deux \u00e9glises<\/strong>La v\u00e9ritable fiert\u00e9 de San Leo : la tr\u00e8s ancienne <strong>Pieve<\/strong> de style pr\u00e9roman, remontant au 9e si\u00e8cle, et le <strong>Duomo<\/strong>de style roman lombard, datant du XIIe si\u00e8cle. Au Moyen \u00c2ge, San Leo \u00e9tait l'une des villes les plus importantes d'Italie : la puissance de ses forteresses lui a m\u00eame permis, \u00e0 l'\u00e9poque ottonienne, d'\u00eatre choisie par Berengario II comme capitale de son royaume d'Italie.<\/p>\n\n\n<\/div>\n    <\/div>\n\n\n<div class=\"col-12 col-md-6 px-0\"\n     \n\t \n\t>\n        \n    <figure\n        class=\"wao-blocks-immagine-bkg js--hideme\"\n        style=\"background: url('http:\/\/www.hotelemilia.it\/wp-content\/uploads\/2021\/06\/sanleo.jpg') center center \/ cover no-repeat; min-height: 600px;\"\n        data-anim=\"bounceInRight\" >\n            <\/figure>\n\n    <\/div>\n<\/div>\n\n<div class=\"wao-blocks-row row py-3 position-relative\" >\n    \n\n<div class=\"col-12 col-md-8 px-0 order-md-1 order-2 js--hideme\"\n    data-anim=\"bounceInLeft\"\n     \n\t \n\t>\n        \n    <figure\n        class=\"wao-blocks-immagine-bkg\"\n        style=\"background: url('http:\/\/www.hotelemilia.it\/wp-content\/uploads\/2021\/06\/montegridolfo.jpg') center center \/ cover no-repeat; min-height: 600px;\"\n        >\n            <\/figure>\n\n    <\/div>\n\n\n<div class=\"col-12 col-md-6 p-3 d-flex align-items-center order-md-2 order-1 img-overlap-dx\"\n     \n\t \n\t>\n        \n<div class=\"box-dx-over\">\n\n\n<h2 class=\"pb-3 wp-block-heading\">MONTEGRIDOLFO<\/h2>\n\n\n\n<p>Montegridolfo est une petite citadelle fortifi\u00e9e situ\u00e9e sur les collines qui s\u00e9parent l'\u00c9milie-Romagne des Marches, entre les vall\u00e9es des rivi\u00e8res Conca et Foglia. Toute la ville de Montegridolfo est entour\u00e9e d'\u00e9pais murs d\u00e9fensifs qui la font ressembler \u00e0 un grand ch\u00e2teau. A Montegridolfo se trouvent<strong> b\u00e2timents historiques importants <\/strong>et quelques \u00e9glises de valeur ; en outre, les nombreux travaux de restauration effectu\u00e9s ces derni\u00e8res ann\u00e9es ont rendu \u00e0 la ville sa splendeur d'antan. Pendant la Seconde Guerre mondiale, Montegridolfo a \u00e9t\u00e9 le th\u00e9\u00e2tre d'une douloureuse bataille entre les Allemands et les Alli\u00e9s ; cette bataille est rappel\u00e9e aujourd'hui dans le \"Mus\u00e9e de la Ligne Gothique\", qui expose <strong>documents de guerre et documents historiques <\/strong>par <strong>grande valeur<\/strong> et des curiosit\u00e9s. \u00c0 Montegridolfo, dans le sanctuaire de la Madonna delle Grazie, se trouve un tableau d'une valeur notable, souvenir d'un miracle du XVIe si\u00e8cle.<\/p>\n\n\n<\/div>\n    <\/div>\n<\/div>\n\n<div class=\"wao-blocks-row row py-3 justify-content-end\" >\n    \n\n<div class=\"col-12 col-md-6 max-w-600 p-md-5 py-5 order-md-2 order-1 d-flex align-items-center\"\n     \n\t \n\t>\n        \n<div>\n\n\n<h2 class=\"pb-3 wp-block-heading\">VERUCCHIO<\/h2>\n\n\n\n<p>Verucchio \u00e9tait autrefois la plus forte des villes fortifi\u00e9es des Malatesta : sa forteresse montre encore les signes d'un pass\u00e9 dominateur. La colline sur laquelle se dresse Verucchio se trouve au d\u00e9but de la vall\u00e9e de Marecchia, le long des routes qui partent de Rimini : une terre fronti\u00e8re, qui \u00e9tait gard\u00e9e par les fortifications du ch\u00e2teau. Au treizi\u00e8me si\u00e8cle, Verucchio a \u00e9t\u00e9 le th\u00e9\u00e2tre de la trag\u00e9die des amoureux <strong>Paolo et Francesca<\/strong>Verucchio a \u00e9t\u00e9 assassin\u00e9 de sang-froid par le jaloux Gianciotto Malatesta et a \u00e9t\u00e9 immortalis\u00e9 par Dante Alighieri dans sa Divine Com\u00e9die. \u00c0 ne pas manquer, la Coll\u00e9giale, le Mus\u00e9e arch\u00e9ologique consacr\u00e9 aux importantes d\u00e9couvertes \u00e9trusques et villanoviennes et le Couvent de Saint-Fran\u00e7ois, situ\u00e9 juste \u00e0 l'ext\u00e9rieur de la ville.<\/p>\n\n\n<\/div>\n    <\/div>\n\n\n<div class=\"col-12 col-md-6 order-md-2 order-1 px-0 js--hideme\"\n    data-anim=\"bounceInRight\"\n     \n\t \n\t>\n        \n    <figure\n        class=\"wao-blocks-immagine-bkg\"\n        style=\"background: url('http:\/\/www.hotelemilia.it\/wp-content\/uploads\/2021\/06\/verucchio.jpg') center center \/ cover no-repeat; min-height: 600px;\"\n        >\n            <\/figure>\n\n    <\/div>\n<\/div>\n\n<div class=\"wao-blocks-row row py-3 position-relative\" >\n    \n\n<div class=\"col-12 col-md-8 px-0 order-md-1 order-2 js--hideme\"\n    data-anim=\"bounceInLeft\"\n     \n\t \n\t>\n        \n    <figure\n        class=\"wao-blocks-immagine-bkg\"\n        style=\"background: url('http:\/\/www.hotelemilia.it\/wp-content\/uploads\/2021\/06\/gradara.jpg') center center \/ cover no-repeat; min-height: 600px;\"\n        >\n            <\/figure>\n\n    <\/div>\n\n\n<div class=\"col-12 col-md-6 p-3 d-flex align-items-center order-md-2 order-1 img-overlap-dx\"\n     \n\t \n\t>\n        \n<div class=\"box-dx-over\">\n\n\n<h2 class=\"pb-3 wp-block-heading\">GRADARA<\/h2>\n\n\n\n<p>Sur les collines verdoyantes \u00e0 la fronti\u00e8re entre l'\u00c9milie-Romagne et les Marches se dresse Gradara, avec ses <strong>ch\u00e2teau<\/strong> c\u00e9l\u00e8bre pour sa beaut\u00e9 et son charme romantique, mais aussi pour <strong>importance historique<\/strong>. Aux XIIIe et XIVe si\u00e8cles, Gradara \u00e9tait l'un des postes militaires les plus importants de la famille Malatesta de Rimini : aujourd'hui encore, il est possible d'admirer le puissant appareil militaire d'une forteresse imprenable. Des travaux de restauration ad\u00e9quats au XXe si\u00e8cle, ainsi que les soins constants des habitants de la ville, ont permis de conserver la forteresse de Gradara en parfait \u00e9tat ; le double cercle de murs, les ponts-levis, les tours et les salles int\u00e9rieures sont encore intacts. Toutes les all\u00e9es du ch\u00e2teau sont <strong>ouvert et praticable.<\/strong> Autour de la forteresse, les \u00e9l\u00e9gantes rues m\u00e9di\u00e9vales du village garantissent aux visiteurs le calme et la d\u00e9tente, pour une promenade tranquille.<\/p>\n\n\n<\/div>\n    <\/div>\n<\/div>\n\n<div class=\"wao-blocks-row row py-3 justify-content-end\" >\n    \n\n<div class=\"col-12 col-md-6 max-w-600 p-md-5 py-5 order-md-2 order-1 d-flex align-items-center\"\n     \n\t \n\t>\n        \n<div>\n\n\n<h2 class=\"pb-3 wp-block-heading\">SANTARCANGELO<\/h2>\n\n\n\n<p>Santarcangelo est tr\u00e8s proche et bien reli\u00e9 \u00e0 Rimini. C'est l'un des<strong> plus belles villes<\/strong> et comporte <strong>de la Romagne<\/strong>o\u00f9 l'on peut respirer un air d'authenticit\u00e9 incontestable. Le symbole le plus c\u00e9l\u00e8bre de Sant'Arcangelo est le Campanone : un clocher construit au XIXe si\u00e8cle dans un style n\u00e9o-gothique. On peut l'apercevoir de loin, dominant les maisons situ\u00e9es au sommet du Colle di Giove, la douce colline sur laquelle se dresse la ville. \u00c0 Santarcangelo, il y a \u00e9galement un<strong>ancienne forteresse<\/strong>construit au Moyen-\u00c2ge par la famille Malatesta, le c\u00e9l\u00e8bre<strong> arc du XVIIIe si\u00e8cle de Cl\u00e9ment XIV<\/strong> et une s\u00e9rie de grottes qui peuvent \u00eatre visit\u00e9es et qui ont \u00e9t\u00e9 creus\u00e9es m\u00eame \u00e0 l'\u00e9poque pr\u00e9-chr\u00e9tienne. Toutefois, la caract\u00e9ristique la plus attrayante de Santarcangelo est qu'il s'agit de la terre des artistes de la Romagne : parmi ceux qui sont n\u00e9s \u00e0 Sant'Arcangelo figurent le sc\u00e9nariste et po\u00e8te Tonino Guerra, le grand po\u00e8te Raffaello Baldini et le c\u00e9l\u00e8bre com\u00e9dien Fabio De Luigi.<\/p>\n\n\n<\/div>\n    <\/div>\n\n\n<div class=\"col-12 col-md-6 order-md-2 order-1 px-0 js--hideme\"\n    data-anim=\"bounceInRight\"\n     \n\t \n\t>\n        \n    <figure\n        class=\"wao-blocks-immagine-bkg\"\n        style=\"background: url('http:\/\/www.hotelemilia.it\/wp-content\/uploads\/2021\/06\/santarcangelo-02.jpg') center center \/ cover no-repeat; min-height: 600px;\"\n        >\n            <\/figure>\n\n    <\/div>\n<\/div>\n<\/section>","protected":false},"excerpt":{"rendered":"","protected":false},"author":1,"featured_media":0,"parent":0,"menu_order":0,"comment_status":"closed","ping_status":"closed","template":"","meta":{"footnotes":""},"class_list":["post-123","page","type-page","status-publish","hentry"],"_links":{"self":[{"href":"https:\/\/www.hotelemilia.it\/fr\/wp-json\/wp\/v2\/pages\/123","targetHints":{"allow":["GET"]}}],"collection":[{"href":"https:\/\/www.hotelemilia.it\/fr\/wp-json\/wp\/v2\/pages"}],"about":[{"href":"https:\/\/www.hotelemilia.it\/fr\/wp-json\/wp\/v2\/types\/page"}],"author":[{"embeddable":true,"href":"https:\/\/www.hotelemilia.it\/fr\/wp-json\/wp\/v2\/users\/1"}],"replies":[{"embeddable":true,"href":"https:\/\/www.hotelemilia.it\/fr\/wp-json\/wp\/v2\/comments?post=123"}],"version-history":[{"count":0,"href":"https:\/\/www.hotelemilia.it\/fr\/wp-json\/wp\/v2\/pages\/123\/revisions"}],"wp:attachment":[{"href":"https:\/\/www.hotelemilia.it\/fr\/wp-json\/wp\/v2\/media?parent=123"}],"curies":[{"name":"wp","href":"https:\/\/api.w.org\/{rel}","templated":true}]}}