{"id":116,"date":"2021-05-21T15:39:22","date_gmt":"2021-05-21T13:39:22","guid":{"rendered":"http:\/\/www.hotelemilia.it\/?page_id=116"},"modified":"2025-01-14T12:26:02","modified_gmt":"2025-01-14T11:26:02","slug":"listino","status":"publish","type":"page","link":"https:\/\/www.hotelemilia.it\/fr\/listino\/","title":{"rendered":"Traitements"},"content":{"rendered":"<section class=\"wao-blocks-container container-fluid mb-2 py-4\"\n\t\t>\n    \n<div class=\"wao-blocks-row row max-w-1400 mx-auto\" >\n    \n\n<div class=\"col-12 col-md-12\"\n     \n\t \n\t>\n        \n\n<div class=\"breadcrumb-block font-weight-bold\"\n    >\n    <div class=\"text-primary text-uppercase\">\n        <a href=\"https:\/\/www.hotelemilia.it\/fr\" rel=\"nofollow\" title=\"Accueil\">Accueil &gt;<\/a>\n        Traitements    <\/div>\n<\/div>\n    <\/div>\n<\/div>\n<\/section>\n\n<section class=\"wao-blocks-container container mb-3\"\n\t\t>\n    \n<div class=\"wao-blocks-row row\" >\n    \n\n<div class=\"col-12 col-md-12 text-center\"\n     \n\t \n\t>\n        \n\n<h1 class=\"wp-block-heading text-uppercase\">Sp\u00e9cifications des traitements de l'h\u00f4tel Emilia<\/h1>\n\n\n\n<p>D\u00e9couvrez les <strong>les traitements propos\u00e9s,<\/strong> les r\u00e9ductions et les suppl\u00e9ments disponibles.<br>Choisissez votre p\u00e9riode de s\u00e9jour pr\u00e9f\u00e9r\u00e9e et <strong>contactez-nous<\/strong> pour recevoir notre meilleure offre pour vous.<\/p>\n\n    <\/div>\n<\/div>\n<\/section>\n\n<section class=\"wao-blocks-container container-fluid mb-2\"\n\t\t>\n    \n<div class=\"wao-blocks-row row py-4 max-w-1400 mx-auto\" >\n    \n\n<div class=\"col-12 col-md-12\"\n     \n\t \n\t>\n        \n\n<h3 class=\"wp-block-heading has-text-align-center\">Notes sur la liste de prix<\/h3>\n\n\n\n<p>Traitement <strong>PENSIONE COMPLETA + SPIAGGIA<\/strong> est disponible \u00e0 partir du 18\/05\/2025.<\/p>\n\n\n\n<p>Le d\u00e9jeuner sera servi \u00e0 partir de 12h30 et le d\u00eener \u00e0 partir de 19h15.<\/p>\n\n\n\n<p>Il est toujours inclus :<\/p>\n\n\n\n<ul class=\"wp-block-list\">\n<li>&nbsp;&nbsp;Nuit\u00e9e \u00e0 <strong>chambres avec balcon<\/strong> et vue sur la mer<\/li>\n\n\n\n<li>&nbsp;&nbsp;Petit-d\u00e9jeuner buffet copieux<\/li>\n\n\n\n<li>&nbsp;&nbsp;<strong>D\u00e9jeuner et d\u00eener<\/strong><\/li>\n\n\n\n<li>\u00a0\u00a0Eau et vin aux repas<\/li>\n\n\n\n<li>&nbsp;&nbsp;Un parasol et deux chaises longues en <strong>plage<\/strong> \u00e0 partir de la troisi\u00e8me rang\u00e9e<\/li>\n\n\n\n<li>&nbsp;&nbsp;<strong>Place de stationnement<\/strong> derri\u00e8re l'h\u00f4tel sous sous r\u00e9serve de disponibilit\u00e9, sinon \u00e0 1 km en nave nave nave pour l'\u00e0 l'arri\u00e8re de l'h\u00f4tel<\/li>\n<\/ul>\n\n\n\n<p>Payez en <strong>solde de tr\u00e9sorerie <\/strong>pour recevoir jusqu'\u00e0<strong> R\u00e9duction 3%<\/strong> sur le prix total.<\/p>\n\n\n\n<p><strong>SUPPLEMENTS :<\/strong><\/p>\n\n\n\n<ul class=\"wp-block-list\">\n<li><strong>Climatisation<\/strong> 5 \u20ac par jour et par chambre (sur demande)<\/li>\n\n\n\n<li><strong>Boissons<\/strong> repas \u20ac3 par jour et par personne (sur demande)<\/li>\n\n\n\n<li><strong>R\u00e9frig\u00e9rateur dans la chambre <\/strong>2 \u20ac par jour (sur demande)<\/li>\n\n\n\n<li>Taxe de s\u00e9jour 2,50 \u20ac par jour<\/li>\n\n\n\n<li><strong>Chambre avec vue sur la mer Front<\/strong> +15% sur le total<\/li>\n\n\n\n<li>Chambre individuelle + 15 \u20ac par jour<\/li>\n\n\n\n<li>Lit d'enfant (en juillet et ao\u00fbt) + 5 \u20ac par jour<\/li>\n<\/ul>\n\n\n\n<p><strong>Remises pour les enfants :<\/strong><\/p>\n\n\n\n<ul class=\"wp-block-list\">\n<li><strong>Enfant jusqu'\u00e0 1 an,<\/strong> un par chambre, s\u00e9jour <strong>GRATUIT<\/strong><\/li>\n\n\n\n<li>Enfants \u00e2g\u00e9s de 1 \u00e0 2 ans 10,00 \u20ac par jour<\/li>\n\n\n\n<li>Enfants de 3 \u00e0 5 ans <strong>DISCOUNT de 60%<\/strong><\/li>\n\n\n\n<li>Enfants de 6 \u00e0 7 ans <strong>RABAIS de 50%<\/strong><\/li>\n\n\n\n<li>Enfants de 8 \u00e0 13 ans<strong> RABAIS de 30%<\/strong><\/li>\n\n\n\n<li>Remise sur le troisi\u00e8me et le quatri\u00e8me lit 15%<\/li>\n<\/ul>\n\n\n\n\n<style>\n\t.nav-link{\n\t\tborder-radius: 0px 15px 0px 0px !important;\t}\n\t.nav-tabs .nav-item.show .nav-link, .nav-tabs .nav-link.active{\n\t\tborder-radius: 0px 15px 0px 0px !important;\t}\n<\/style>\n\t<div class=\"wao-blocks-listino-v1\" data-cof=\"true\" data-cof-rule=\"\">\n\t\t<div class=\"\" data-vertical-space=\"10\" style=\"z-index: 999;\">\n\t\t\t\t\t<\/div> \n\t\t<div class=\"tab-content\">\n\t\t\t\t\t<\/div>\n\t<\/div>\n    <\/div>\n<\/div>\n<\/section>","protected":false},"excerpt":{"rendered":"","protected":false},"author":1,"featured_media":0,"parent":0,"menu_order":0,"comment_status":"closed","ping_status":"closed","template":"","meta":{"footnotes":""},"class_list":["post-116","page","type-page","status-publish","hentry"],"_links":{"self":[{"href":"https:\/\/www.hotelemilia.it\/fr\/wp-json\/wp\/v2\/pages\/116","targetHints":{"allow":["GET"]}}],"collection":[{"href":"https:\/\/www.hotelemilia.it\/fr\/wp-json\/wp\/v2\/pages"}],"about":[{"href":"https:\/\/www.hotelemilia.it\/fr\/wp-json\/wp\/v2\/types\/page"}],"author":[{"embeddable":true,"href":"https:\/\/www.hotelemilia.it\/fr\/wp-json\/wp\/v2\/users\/1"}],"replies":[{"embeddable":true,"href":"https:\/\/www.hotelemilia.it\/fr\/wp-json\/wp\/v2\/comments?post=116"}],"version-history":[{"count":29,"href":"https:\/\/www.hotelemilia.it\/fr\/wp-json\/wp\/v2\/pages\/116\/revisions"}],"predecessor-version":[{"id":1511,"href":"https:\/\/www.hotelemilia.it\/fr\/wp-json\/wp\/v2\/pages\/116\/revisions\/1511"}],"wp:attachment":[{"href":"https:\/\/www.hotelemilia.it\/fr\/wp-json\/wp\/v2\/media?parent=116"}],"curies":[{"name":"wp","href":"https:\/\/api.w.org\/{rel}","templated":true}]}}