{"id":106,"date":"2021-05-21T15:37:48","date_gmt":"2021-05-21T13:37:48","guid":{"rendered":"http:\/\/www.hotelemilia.it\/?page_id=106"},"modified":"2021-06-07T14:36:32","modified_gmt":"2021-06-07T12:36:32","slug":"business","status":"publish","type":"page","link":"https:\/\/www.hotelemilia.it\/fr\/business\/","title":{"rendered":"Entreprise"},"content":{"rendered":"<div id=\"flc-carousel\" data-cellalign=\"center\" data-bglazyload=\"1\" data-freescroll=\"true\" data-wraparound=\"true\" data-autoplay=\"2000\" data-pauseautoplayonhover =\"true\" data-prevnextbuttons=\"false\" data-contain=\"true\" data-pagedots=\"false\" data-draggable=\"false\" data-groupcells=\"1\" data-fade=\"true\" class=\"js--flickity wao-blocks-slider flc-carousel-8206\"  >\n\n                            <div class=\"w-100\">\n                    \n    <div style='background: url(http:\/\/www.hotelemilia.it\/wp-content\/uploads\/2021\/05\/ingresso1.jpg)center center ; background-blend-mode: multiply; background-size: cover; height: 60vh; background-position: 50% 50%;' class='wao-blocks-flc-banner'>\n        <div \n            class='carousel-caption mobile-tablet-centered' \n                        style='max-width: 100%; bottom: ; background-color:  ; margin:  auto            '>\n                    <\/div>\n        <style>\n            @media screen and (max-width: 992px) {\n                .mobile-tablet-centered {\n                    margin: auto !important;\n                }\n            }\n        <\/style>\n    <\/div>\n    \n                <\/div>\n            \n<\/div>\n\n<section class=\"wao-blocks-container container-fluid mb-2 py-4\"\n\t\t>\n    \n<div class=\"wao-blocks-row row max-w-1400 mx-auto\" >\n    \n\n<div class=\"col-12 col-md-12\"\n     \n\t \n\t>\n        \n\n<div class=\"breadcrumb-block font-weight-bold\"\n    >\n    <div class=\"text-primary text-uppercase\">\n        <a href=\"https:\/\/www.hotelemilia.it\/fr\" rel=\"nofollow\" title=\"Accueil\">Accueil &gt;<\/a>\n        Entreprise    <\/div>\n<\/div>\n    <\/div>\n<\/div>\n<\/section>\n\n<section class=\"wao-blocks-container container-fluid mb-2\"\n\t\t>\n    \n<div class=\"wao-blocks-row row py-3 justify-content-end position-relative\" >\n    \n\n<div class=\"col-12 col-md-6 max-w-600 p-md-5 p-3 d-flex align-items-center\"\n     \n\t \n\t>\n        \n<div>\n\n\n<h1 class=\"wp-block-heading\">SERVICES COMMERCIAUX<\/h1>\n\n\n\n<h3 class=\"font-alternativo pb-3 wp-block-heading\">Pour les voyages d'affaires<\/h3>\n\n\n\n<p>L'h\u00f4tel Emilia est \u00e9galement id\u00e9al pour<strong> s\u00e9jours professionnels<\/strong>Gr\u00e2ce \u00e9galement \u00e0 son emplacement, non loin de la Fiera di Rimini.<\/p>\n\n\n\n<p>Les voyageurs d'affaires y trouveront de nombreux services d'affaires, notamment <strong>espace de stationnement<\/strong>journal dans l'h\u00f4tel, coffre-fort dans la chambre et <strong>Wi-Fi<\/strong>.<\/p>\n\n\n\n<p>L'h\u00f4tel est ouvert toute l'ann\u00e9e et est parfait pour ceux qui doivent rejoindre le Palacongressi ou la Foire.<\/p>\n\n\n<\/div>\n    <\/div>\n\n\n<div class=\"col-12 col-md-6 px-0 js--hideme\"\n    data-anim=\"bounceInRight\"\n     \n\t \n\t>\n        \n    <figure\n        class=\"wao-blocks-immagine-bkg\"\n        style=\"background: url('http:\/\/www.hotelemilia.it\/wp-content\/uploads\/2021\/05\/ingresso5-1024x683.jpg') center center \/ cover no-repeat; min-height: 600px;\"\n        >\n            <\/figure>\n\n    <\/div>\n<\/div>\n\n<div class=\"wao-blocks-row row py-3 position-relative\" >\n    \n\n<div class=\"col-12 col-md-8 px-0 order-md-1 order-2 js--hideme\"\n    data-anim=\"bounceInLeft\"\n     \n\t \n\t>\n        \n    <figure\n        class=\"wao-blocks-immagine-bkg\"\n        style=\"background: url('http:\/\/www.hotelemilia.it\/wp-content\/uploads\/2021\/05\/notturna1-1024x748.jpg') center center \/ cover no-repeat; min-height: 600px;\"\n        >\n            <\/figure>\n\n    <\/div>\n\n\n<div class=\"col-12 col-md-6 p-3 d-flex align-items-center order-md-2 order-1 img-overlap-dx\"\n     \n\t \n\t>\n        \n<div class=\"box-dx-over\">\n\n\n<h2 class=\"wp-block-heading\">BUSINESS<\/h2>\n\n\n\n<h3 class=\"font-alternativo pb-3 wp-block-heading\">Situation id\u00e9ale, \u00e0 quelques kilom\u00e8tres du parc des expositions de Rimini.<\/h3>\n\n\n\n<p>L'emplacement de l'h\u00f4tel Emilia est \u00e9galement parfait pour ceux qui <strong>voyages pour le travail<\/strong>. L'h\u00f4tel est, en fait, situ\u00e9 \u00e0 seulement <strong>3 km de l'autoroute <\/strong>et \u00e0 6 km de la Fiera di Rimini ; il est <strong>ouvert toute l'ann\u00e9e<\/strong> et est id\u00e9al pour les s\u00e9jours d'affaires ou pour ceux qui viennent \u00e0 Rimini pour des \u00e9v\u00e9nements !<\/p>\n\n\n<\/div>\n    <\/div>\n<\/div>\n\n<div class=\"wao-blocks-row row py-3 justify-content-end\" >\n    \n\n<div class=\"col-12 col-md-6 max-w-600 p-md-5 py-5 order-md-2 order-1 d-flex align-items-center\"\n     \n\t \n\t>\n        \n<div>\n\n\n<h2 class=\"wp-block-heading\">SERVICES POUR LES ENTREPRISES<\/h2>\n\n\n\n<h3 class=\"font-alternativo pb-3 wp-block-heading\">D\u00e9di\u00e9 aux voyageurs d'affaires<\/h3>\n\n\n\n<p>M\u00eame en hiver, les chambres de l'h\u00f4tel Emilia offrent de nombreux services :<\/p>\n\n\n\n<ul class=\"wp-block-list\"><li>Cabine de douche<\/li><li>S\u00e9curit\u00e9<\/li><li>Wi-Fi gratuit<\/li><li>Ascenseur<\/li><li>Chauffage ind\u00e9pendant<\/li><li>Balcon avec vue sur la mer<\/li><li>Possibilit\u00e9 de demander le petit-d\u00e9jeuner dans votre chambre<\/li><\/ul>\n\n\n\n<p>En outre, la r\u00e9ception est ouverte jusque tard dans la nuit, \u00e0 la disposition des clients \u00e0 tout moment.<\/p>\n\n\n<\/div>\n    <\/div>\n\n\n<div class=\"col-12 col-md-6 order-md-2 order-1 px-0 js--hideme\"\n    data-anim=\"bounceInRight\"\n     \n\t \n\t>\n        \n    <figure\n        class=\"wao-blocks-immagine-bkg\"\n        style=\"background: url('http:\/\/www.hotelemilia.it\/wp-content\/uploads\/2021\/05\/P1080539-1024x769.jpg') center center \/ cover no-repeat; min-height: 600px;\"\n        >\n            <\/figure>\n\n    <\/div>\n<\/div>\n\n<div class=\"wao-blocks-row row py-3 position-relative\" >\n    \n\n<div class=\"col-12 col-md-8 px-0 order-md-1 order-2 js--hideme\"\n    data-anim=\"bounceInLeft\"\n     \n\t \n\t>\n        \n    <figure\n        class=\"wao-blocks-immagine-bkg\"\n        style=\"background: url('http:\/\/www.hotelemilia.it\/wp-content\/uploads\/2021\/05\/DSCF3612-1024x683.jpg') center center \/ cover no-repeat; min-height: 600px;\"\n        >\n            <\/figure>\n\n    <\/div>\n\n\n<div class=\"col-12 col-md-6 p-3 d-flex align-items-center order-md-2 order-1 img-overlap-dx\"\n     \n\t \n\t>\n        \n<div class=\"box-dx-over\">\n\n\n<h2 class=\"wp-block-heading\">PR\u00c8S DE LA MER ET DE LA FOIRE<\/h2>\n\n\n\n<h3 class=\"font-alternativo pb-3 wp-block-heading\">Un emplacement strat\u00e9gique \u00e0 quelques pas de tout<\/h3>\n\n\n\n<p>Notre h\u00f4tel est situ\u00e9 \u00e0 quelques kilom\u00e8tres de la sortie de l'autoroute et offre une <strong>parking <\/strong>voitures <strong>couvert <\/strong>e <strong>a d\u00e9couvert<\/strong>disponible jusqu'\u00e0 \u00e9puisement des places.<\/p>\n\n\n\n<p>Depuis l'h\u00f4tel Emilia, vous pouvez facilement rejoindre en voiture les sites suivants <strong>Foire de Rimini<\/strong>\u00e0 <strong>Centre de conf\u00e9rences de Rimini <\/strong>et le<strong> Centre de congr\u00e8s de Riccione<\/strong>. Sinon, pour rejoindre la Foire, il existe un service de navette avec un arr\u00eat pr\u00e8s de l'h\u00f4tel.<\/p>\n\n\n\n<p>En outre, nous proposons de nombreuses offres destin\u00e9es \u00e0 nos clients professionnels !<\/p>\n\n\n\n<div class=\"wao-blocks-button\" >\n\t<a href=\"http:\/\/www.hotelemilia.it\/fr\/offerte-business\/\" \n\t\tclass=\"btn btn-secondary\"\n         \n\t\t\t\ttitle=\"D\u00c9COUVREZ\" \n\t>\t\n\t\t\t\tD\u00c9COUVREZ\t\t<i class=\"fas fa-arrow-right ml-3\"><\/i> \t<\/a>\n<\/div>\n\n<\/div>\n    <\/div>\n<\/div>\n<\/section>","protected":false},"excerpt":{"rendered":"","protected":false},"author":1,"featured_media":0,"parent":0,"menu_order":0,"comment_status":"closed","ping_status":"closed","template":"","meta":{"footnotes":""},"class_list":["post-106","page","type-page","status-publish","hentry"],"_links":{"self":[{"href":"https:\/\/www.hotelemilia.it\/fr\/wp-json\/wp\/v2\/pages\/106","targetHints":{"allow":["GET"]}}],"collection":[{"href":"https:\/\/www.hotelemilia.it\/fr\/wp-json\/wp\/v2\/pages"}],"about":[{"href":"https:\/\/www.hotelemilia.it\/fr\/wp-json\/wp\/v2\/types\/page"}],"author":[{"embeddable":true,"href":"https:\/\/www.hotelemilia.it\/fr\/wp-json\/wp\/v2\/users\/1"}],"replies":[{"embeddable":true,"href":"https:\/\/www.hotelemilia.it\/fr\/wp-json\/wp\/v2\/comments?post=106"}],"version-history":[{"count":0,"href":"https:\/\/www.hotelemilia.it\/fr\/wp-json\/wp\/v2\/pages\/106\/revisions"}],"wp:attachment":[{"href":"https:\/\/www.hotelemilia.it\/fr\/wp-json\/wp\/v2\/media?parent=106"}],"curies":[{"name":"wp","href":"https:\/\/api.w.org\/{rel}","templated":true}]}}