{"id":99,"date":"2021-05-21T15:37:10","date_gmt":"2021-05-21T13:37:10","guid":{"rendered":"http:\/\/www.hotelemilia.it\/?page_id=99"},"modified":"2022-09-14T13:30:34","modified_gmt":"2022-09-14T11:30:34","slug":"camere","status":"publish","type":"page","link":"https:\/\/www.hotelemilia.it\/de\/camere\/","title":{"rendered":"R\u00e4ume"},"content":{"rendered":"<div id=\"flc-carousel\" data-cellalign=\"center\" data-bglazyload=\"1\" data-freescroll=\"true\" data-wraparound=\"true\" data-autoplay=\"2000\" data-pauseautoplayonhover =\"true\" data-prevnextbuttons=\"false\" data-contain=\"true\" data-pagedots=\"false\" data-draggable=\"false\" data-groupcells=\"1\" data-fade=\"true\" class=\"js--flickity wao-blocks-slider flc-carousel-20149\"  >\n\n                            <div class=\"w-100\">\n                    \n    <div style='background: url(http:\/\/www.hotelemilia.it\/wp-content\/uploads\/2021\/05\/DSCF4761.jpg)center center ; background-blend-mode: multiply; background-size: cover; height: 60vh; background-position: 50% 50%;' class='wao-blocks-flc-banner'>\n        <div \n            class='carousel-caption mobile-tablet-centered' \n                        style='max-width: 100%; bottom: ; background-color:  ; margin:  auto            '>\n                    <\/div>\n        <style>\n            @media screen and (max-width: 992px) {\n                .mobile-tablet-centered {\n                    margin: auto !important;\n                }\n            }\n        <\/style>\n    <\/div>\n    \n                <\/div>\n            \n<\/div>\n\n<section class=\"wao-blocks-container container-fluid mb-2 py-4\"\n\t\t>\n    \n<div class=\"wao-blocks-row row max-w-1400 mx-auto\" >\n    \n\n<div class=\"col-12 col-md-12\"\n     \n\t \n\t>\n        \n\n<div class=\"breadcrumb-block font-weight-bold\"\n    >\n    <div class=\"text-primary text-uppercase\">\n        <a href=\"https:\/\/www.hotelemilia.it\/de\" rel=\"nofollow\" title=\"Startseite\">Startseite &gt;<\/a>\n        R\u00e4ume    <\/div>\n<\/div>\n    <\/div>\n<\/div>\n<\/section>\n\n<section class=\"wao-blocks-container container-fluid mb-2\"\n\t\t>\n    \n<div class=\"wao-blocks-row row py-3 justify-content-end align-item-center\" >\n    \n\n<div class=\"col-12 col-md-6 max-w-600 p-md-5 p-3 d-flex align-items-center\"\n     \n\t \n\t>\n        \n<div>\n\n\n<h1 class=\"pb-3 wp-block-heading\">Unsere Zimmer, perfekt zum Ausruhen im Urlaub<\/h1>\n\n\n\n<p>Das Hotel Emilia hat <strong>R\u00e4ume verschiedener Typen<\/strong>geeignet f\u00fcr alle Bed\u00fcrfnisse. Wir haben Doppel-, Dreifach-, Einzel- und <strong>Familienzimmer <\/strong>mit einem zus\u00e4tzlichen Etagenbett.<\/p>\n\n\n\n<p>Die Zimmer sind sehr <strong>ger\u00e4umig und hell<\/strong>perfekt f\u00fcr eine gute Erholung im Urlaub.<\/p>\n\n\n\n<p>Au\u00dferdem werden alle Zimmer jeden Tag sorgf\u00e4ltig gereinigt und die Reinigung wird von der Familie Pazzini pers\u00f6nlich geleitet.<\/p>\n\n\n\n<p>Einige unserer Zimmer sind auch behindertengerecht ausgestattet.<\/p>\n\n\n<\/div>\n    <\/div>\n\n\n<div class=\"col-12 col-md-6 px-0 js--hideme\"\n    data-anim=\"bounceInRight\"\n     \n\t \n\t>\n        \n    <figure\n        class=\"wao-blocks-immagine-bkg\"\n        style=\"background: url('http:\/\/www.hotelemilia.it\/wp-content\/uploads\/2021\/05\/DSCF4866-1024x683.jpg') center center \/ cover no-repeat; min-height: 600px;\"\n        >\n            <\/figure>\n\n    <\/div>\n<\/div>\n\n<div class=\"wao-blocks-row row py-3 align-item-center position-relative\" >\n    \n\n<div class=\"col-12 col-md-8 px-0 order-md-1 order-2 js--hideme\"\n    data-anim=\"bounceInLeft\"\n     \n\t \n\t>\n        \n    <figure\n        class=\"wao-blocks-immagine-bkg\"\n        style=\"background: url('http:\/\/www.hotelemilia.it\/wp-content\/uploads\/2021\/05\/DSCF4823-1024x683.jpg') center center \/ cover no-repeat; min-height: 600px;\"\n        >\n            <\/figure>\n\n    <\/div>\n\n\n<div class=\"col-12 col-md-6 p-3 d-flex align-items-center order-md-2 order-1 img-overlap-dx\"\n     \n\t \n\t>\n        \n<div class=\"box-dx-over\">\n\n\n<h2 class=\"wp-block-heading\">Unser Zimmerservice<\/h2>\n\n\n\n<h3 class=\"font-alternativo pb-3 wp-block-heading\">Alle Annehmlichkeiten f\u00fcr einen erholsamen Urlaub<\/h3>\n\n\n\n<p>Alle Zimmer sind sorgf\u00e4ltig eingerichtet und mit vielen Annehmlichkeiten ausgestattet, darunter:<\/p>\n\n\n\n<ul class=\"wp-block-list\"><li>Balkon (Meerfront oder Meerblick)<\/li><li>Einstellbare Klimatisierung \/ Heizung<\/li><li>Duschkabine<\/li><li>Satellitenfernsehen<\/li><li>K\u00fchlschrank gegen Aufpreis<\/li><li>Haartrockner<\/li><li>Telefon<\/li><li>Wi-Fi<\/li><\/ul>\n\n\n<\/div>\n    <\/div>\n<\/div>\n\n<div class=\"wao-blocks-row row py-3 justify-content-end align-item-center\" >\n    \n\n<div class=\"col-12 col-md-5 max-w-600 p-md-5 p-3 d-flex align-items-center\"\n     \n\t \n\t>\n        \n<div>\n\n\n<h2 class=\"wp-block-heading\">Die Pluspunkte des Hotel Emilia<\/h2>\n\n\n\n<h3 class=\"font-alternativo pb-3 wp-block-heading\">Nur das Beste f\u00fcr unsere G\u00e4ste<\/h3>\n\n\n\n<p>Unter den Dienstleistungen, die unseren G\u00e4sten zur Verf\u00fcgung stehen, ist die am meisten gesch\u00e4tzte zweifelsohne die <strong>K\u00fchlschrank<\/strong>, erh\u00e4ltlich mit einem<strong> kleine Erg\u00e4nzung<\/strong>. Gerade im Sommer gibt es nichts Besseres als ein kaltes Getr\u00e4nk, wenn einem danach ist!<\/p>\n\n\n\n<p>Ein weiteres von Kunden geliebtes Merkmal ist definitiv die <strong>Balkon<\/strong>mit <strong>Blick direkt auf das Meer<\/strong>Perfekt, um den Tag auf dem richtigen Fu\u00df zu beginnen oder ihn vor einem wundersch\u00f6nen Sonnenuntergang zu beenden!<\/p>\n\n\n<\/div>\n    <\/div>\n\n\n<div class=\"col-12 col-md-7 px-0 js--hideme\"\n    data-anim=\"bounceInRight\"\n     \n\t \n\t>\n        \n    <figure\n        class=\"wao-blocks-immagine-bkg\"\n        style=\"background: url('http:\/\/www.hotelemilia.it\/wp-content\/uploads\/2021\/05\/DSCF4777-1024x683.jpg') center center \/ cover no-repeat; min-height: 600px;\"\n        >\n            <\/figure>\n\n    <\/div>\n<\/div>\n<\/section>","protected":false},"excerpt":{"rendered":"","protected":false},"author":1,"featured_media":0,"parent":0,"menu_order":0,"comment_status":"closed","ping_status":"closed","template":"","meta":{"footnotes":""},"class_list":["post-99","page","type-page","status-publish","hentry"],"_links":{"self":[{"href":"https:\/\/www.hotelemilia.it\/de\/wp-json\/wp\/v2\/pages\/99","targetHints":{"allow":["GET"]}}],"collection":[{"href":"https:\/\/www.hotelemilia.it\/de\/wp-json\/wp\/v2\/pages"}],"about":[{"href":"https:\/\/www.hotelemilia.it\/de\/wp-json\/wp\/v2\/types\/page"}],"author":[{"embeddable":true,"href":"https:\/\/www.hotelemilia.it\/de\/wp-json\/wp\/v2\/users\/1"}],"replies":[{"embeddable":true,"href":"https:\/\/www.hotelemilia.it\/de\/wp-json\/wp\/v2\/comments?post=99"}],"version-history":[{"count":3,"href":"https:\/\/www.hotelemilia.it\/de\/wp-json\/wp\/v2\/pages\/99\/revisions"}],"predecessor-version":[{"id":1379,"href":"https:\/\/www.hotelemilia.it\/de\/wp-json\/wp\/v2\/pages\/99\/revisions\/1379"}],"wp:attachment":[{"href":"https:\/\/www.hotelemilia.it\/de\/wp-json\/wp\/v2\/media?parent=99"}],"curies":[{"name":"wp","href":"https:\/\/api.w.org\/{rel}","templated":true}]}}