{"id":97,"date":"2021-05-21T15:36:58","date_gmt":"2021-05-21T13:36:58","guid":{"rendered":"http:\/\/www.hotelemilia.it\/?page_id=97"},"modified":"2021-06-07T14:31:58","modified_gmt":"2021-06-07T12:31:58","slug":"spiaggia","status":"publish","type":"page","link":"https:\/\/www.hotelemilia.it\/de\/spiaggia\/","title":{"rendered":"Strand"},"content":{"rendered":"<div id=\"flc-carousel\" data-cellalign=\"center\" data-bglazyload=\"1\" data-freescroll=\"true\" data-wraparound=\"true\" data-autoplay=\"2000\" data-pauseautoplayonhover =\"true\" data-prevnextbuttons=\"false\" data-contain=\"true\" data-pagedots=\"false\" data-draggable=\"false\" data-groupcells=\"1\" data-fade=\"true\" class=\"js--flickity wao-blocks-slider flc-carousel-79592\"  >\n\n                            <div class=\"w-100\">\n                    \n    <div style='background: url(http:\/\/www.hotelemilia.it\/wp-content\/uploads\/2021\/06\/top-spiaggia-001.jpg)center center ; background-blend-mode: multiply; background-size: cover; height: 60vh; background-position: ;' class='wao-blocks-flc-banner'>\n        <div \n            class='carousel-caption mobile-tablet-centered' \n                        style='max-width: 100%; bottom: ; background-color:  ; margin:  auto            '>\n                    <\/div>\n        <style>\n            @media screen and (max-width: 992px) {\n                .mobile-tablet-centered {\n                    margin: auto !important;\n                }\n            }\n        <\/style>\n    <\/div>\n    \n                <\/div>\n            \n<\/div>\n\n<section class=\"wao-blocks-container container-fluid mb-2 py-4\"\n\t\t>\n    \n<div class=\"wao-blocks-row row max-w-1400 mx-auto\" >\n    \n\n<div class=\"col-12 col-md-12\"\n     \n\t \n\t>\n        \n\n<div class=\"breadcrumb-block font-weight-bold\"\n    >\n    <div class=\"text-primary text-uppercase\">\n        <a href=\"https:\/\/www.hotelemilia.it\/de\" rel=\"nofollow\" title=\"Startseite\">Startseite &gt;<\/a>\n        Strand    <\/div>\n<\/div>\n    <\/div>\n<\/div>\n<\/section>\n\n<section class=\"wao-blocks-container container-fluid mb-2\"\n\t\t>\n    \n<div class=\"wao-blocks-row row py-3 justify-content-end align-item-center\" >\n    \n\n<div class=\"col-12 col-md-6 max-w-600 p-md-5 p-3 d-flex align-items-center\"\n     \n\t \n\t>\n        \n<div>\n\n\n<h2 class=\"pb-3 wp-block-heading\">Privilegierte Lage, direkt am Meer<\/h2>\n\n\n\n<p>Das Hotel Emilia befindet sich in einer tollen Lage, <strong>direkt vor dem Strand <\/strong>von Torre Pedrera.<\/p>\n\n\n\n<p>Diese Lage ist perfekt f\u00fcr diejenigen, die die Riviera w\u00e4hlen und wollen einen Strandurlaub in totalem Komfort zu verbringen; um den Strand vom Hotel zu erreichen, in der Tat, nur ein paar Schritte!<\/p>\n\n\n<\/div>\n    <\/div>\n\n\n<div class=\"col-12 col-md-6 px-0 js--hideme\"\n    data-anim=\"bounceInRight\"\n     \n\t \n\t>\n        \n    <figure\n        class=\"wao-blocks-immagine-bkg\"\n        style=\"background: url('http:\/\/www.hotelemilia.it\/wp-content\/uploads\/2021\/05\/DSCF36242-1024x683.jpg') center center \/ cover no-repeat; min-height: 600px;\"\n        >\n            <\/figure>\n\n    <\/div>\n<\/div>\n\n<div class=\"wao-blocks-row row py-3 align-item-center position-relative\" >\n    \n\n<div class=\"col-12 col-md-8 px-0 order-md-1 order-2 js--hideme\"\n    data-anim=\"bounceInLeft\"\n     \n\t \n\t>\n        \n    <figure\n        class=\"wao-blocks-immagine-bkg\"\n        style=\"background: url('http:\/\/www.hotelemilia.it\/wp-content\/uploads\/2021\/05\/DSCF36272_1-1024x683.jpg') center center \/ cover no-repeat; min-height: 600px;\"\n        >\n            <\/figure>\n\n    <\/div>\n\n\n<div class=\"col-12 col-md-6 p-3 d-flex align-items-center order-md-2 order-1 img-overlap-dx\"\n     \n\t \n\t>\n        \n<div class=\"box-dx-over\">\n\n\n<h2 class=\"wp-block-heading\">Urlaub am Meer das ganze Jahr \u00fcber<\/h2>\n\n\n\n<h3 class=\"font-alternativo pb-3 wp-block-heading\">F\u00fcr alle, die das Meer auch im Winter lieben<\/h3>\n\n\n\n<p>Hotel Emilia ist ideal f\u00fcr diejenigen, die das Meer sowohl im Sommer als auch im Winter lieben. Unsere Zimmer sind komfortabel und gem\u00fctlich, und alle haben ein eigenes Bad. <strong>fantastischer Meerblick<\/strong>um das Beste aus Ihren Urlaubstagen zu machen.<\/p>\n\n\n\n<p>F\u00fcr diejenigen, die im Winter bleiben m\u00f6chten, dank der<strong>j\u00e4hrliche \u00d6ffnung<\/strong> unserer Struktur, k\u00f6nnen Sie lange Spazierg\u00e4nge am Strand und schl\u00fcrfen einen guten Drink mit Blick auf das Meer, immer sch\u00f6n, in jeder Jahreszeit genie\u00dfen!<\/p>\n\n\n<\/div>\n    <\/div>\n<\/div>\n\n<div class=\"wao-blocks-row row py-3  align-item-center justify-content-end\" >\n    \n\n<div class=\"col-12 col-md-6 max-w-600 p-md-5 p-3 d-flex align-items-center\"\n     \n\t \n\t>\n        \n<div>\n\n\n<h2 class=\"wp-block-heading\">Strand vor dem Hotel<\/h2>\n\n\n\n<h3 class=\"font-alternativo pb-3 wp-block-heading\">Ein paar Schritte vom Meer entfernt<\/h3>\n\n\n\n<p>Das Hotel Emilia hat eine Vereinbarung mit einigen Betrieben, die sich direkt vor dem Hotel befinden. Dank dieser Vereinbarung haben diejenigen, die im Hotel Emilia \u00fcbernachten, einen erm\u00e4\u00dfigten <strong>Rabatt <\/strong>bei der Vermietung von <strong>Liegest\u00fchle und Sonnenschirme <\/strong>am Strand.<\/p>\n\n\n\n<p>Das flache Wasser unseres Meeres, erm\u00f6glicht es Kindern und Familien, in Ruhe und ohne Risiko Spa\u00df zu haben.<\/p>\n\n\n\n<p>Die Strandb\u00e4der, die einen Vertrag mit dem Verein haben, bieten auch Spielpl\u00e4tze, ein <strong>Animation <\/strong>mit vielen Aktivit\u00e4ten einschlie\u00dflich Turnieren f\u00fcr Erwachsene und Kinder!<\/p>\n\n\n<\/div>\n    <\/div>\n\n\n<div class=\"col-12 col-md-6 px-0 js--hideme\"\n    data-anim=\"bounceInRight\"\n     \n\t \n\t>\n        \n    <figure\n        class=\"wao-blocks-immagine-bkg\"\n        style=\"background: url('http:\/\/www.hotelemilia.it\/wp-content\/uploads\/2021\/05\/DSCF36222-1024x683.jpg') center center \/ cover no-repeat; min-height: 600px;\"\n        >\n            <\/figure>\n\n    <\/div>\n<\/div>\n<\/section>","protected":false},"excerpt":{"rendered":"","protected":false},"author":1,"featured_media":0,"parent":0,"menu_order":0,"comment_status":"closed","ping_status":"closed","template":"","meta":{"footnotes":""},"class_list":["post-97","page","type-page","status-publish","hentry"],"_links":{"self":[{"href":"https:\/\/www.hotelemilia.it\/de\/wp-json\/wp\/v2\/pages\/97","targetHints":{"allow":["GET"]}}],"collection":[{"href":"https:\/\/www.hotelemilia.it\/de\/wp-json\/wp\/v2\/pages"}],"about":[{"href":"https:\/\/www.hotelemilia.it\/de\/wp-json\/wp\/v2\/types\/page"}],"author":[{"embeddable":true,"href":"https:\/\/www.hotelemilia.it\/de\/wp-json\/wp\/v2\/users\/1"}],"replies":[{"embeddable":true,"href":"https:\/\/www.hotelemilia.it\/de\/wp-json\/wp\/v2\/comments?post=97"}],"version-history":[{"count":0,"href":"https:\/\/www.hotelemilia.it\/de\/wp-json\/wp\/v2\/pages\/97\/revisions"}],"wp:attachment":[{"href":"https:\/\/www.hotelemilia.it\/de\/wp-json\/wp\/v2\/media?parent=97"}],"curies":[{"name":"wp","href":"https:\/\/api.w.org\/{rel}","templated":true}]}}