{"id":94,"date":"2021-05-21T15:36:50","date_gmt":"2021-05-21T13:36:50","guid":{"rendered":"http:\/\/www.hotelemilia.it\/?page_id=94"},"modified":"2021-06-07T14:33:40","modified_gmt":"2021-06-07T12:33:40","slug":"ristorante","status":"publish","type":"page","link":"https:\/\/www.hotelemilia.it\/de\/ristorante\/","title":{"rendered":"Restaurant"},"content":{"rendered":"<div id=\"flc-carousel\" data-cellalign=\"center\" data-bglazyload=\"1\" data-freescroll=\"true\" data-wraparound=\"true\" data-autoplay=\"2000\" data-pauseautoplayonhover =\"true\" data-prevnextbuttons=\"false\" data-contain=\"true\" data-pagedots=\"false\" data-draggable=\"false\" data-groupcells=\"1\" data-fade=\"true\" class=\"js--flickity wao-blocks-slider flc-carousel-43434\"  >\n\n                            <div class=\"w-100\">\n                    \n    <div style='background: url(http:\/\/www.hotelemilia.it\/wp-content\/uploads\/2021\/05\/DSCF5917.jpg)center center ; background-blend-mode: multiply; background-size: cover; height: 60vh; background-position: 50% 100%;' class='wao-blocks-flc-banner'>\n        <div \n            class='carousel-caption mobile-tablet-centered' \n                        style='max-width: 100%; bottom: ; background-color:  ; margin:  auto            '>\n                    <\/div>\n        <style>\n            @media screen and (max-width: 992px) {\n                .mobile-tablet-centered {\n                    margin: auto !important;\n                }\n            }\n        <\/style>\n    <\/div>\n    \n                <\/div>\n            \n<\/div>\n\n<section class=\"wao-blocks-container container-fluid mb-2 py-4\"\n\t\t>\n    \n<div class=\"wao-blocks-row row max-w-1400 mx-auto\" >\n    \n\n<div class=\"col-12 col-md-12\"\n     \n\t \n\t>\n        \n\n<div class=\"breadcrumb-block font-weight-bold\"\n    >\n    <div class=\"text-primary text-uppercase\">\n        <a href=\"https:\/\/www.hotelemilia.it\/de\" rel=\"nofollow\" title=\"Startseite\">Startseite &gt;<\/a>\n        Restaurant    <\/div>\n<\/div>\n    <\/div>\n<\/div>\n<\/section>\n\n<section class=\"wao-blocks-container container-fluid mb-2\"\n\t\t>\n    \n<div class=\"wao-blocks-row row py-3 justify-content-end align-item-center\" >\n    \n\n<div class=\"col-12 col-md-6 max-w-600 p-md-5 p-3 d-flex align-items-center\"\n     \n\t \n\t>\n        \n<div>\n\n\n<h2 class=\"wp-block-heading\">Fr\u00fchst\u00fcck<\/h2>\n\n\n\n<h3 class=\"font-alternativo pb-3 wp-block-heading\">So f\u00e4ngt der Tag gut an<\/h3>\n\n\n\n<p>Zum Fr\u00fchst\u00fcck finden unsere G\u00e4ste ein Buffet mit <strong>eine gro\u00dfe Auswahl <\/strong>von Croissants, Keksen, Joghurt und <strong>hausgemachte Kuchen <\/strong>durch die Familie kocht!<\/p>\n\n\n\n<p>Alle Produkte sind frisch, gesund und schmackhaft und die Desserts werden mit erstklassigen Zutaten zubereitet.<\/p>\n\n\n\n<p>Zum Fr\u00fchst\u00fcck ist der Eingang zum Zimmer <strong>von 7:30 Uhr bis 9:30 Uhr<\/strong>.<\/p>\n\n\n<\/div>\n    <\/div>\n\n\n<div class=\"col-12 col-md-6 px-0 js--hideme\"\n    data-anim=\"bounceInRight\"\n     \n\t \n\t>\n        \n    <figure\n        class=\"wao-blocks-immagine-bkg\"\n        style=\"background: url('http:\/\/www.hotelemilia.it\/wp-content\/uploads\/2021\/05\/DSCF5496-1024x683.jpg') center center \/ cover no-repeat; min-height: 600px;\"\n        >\n            <\/figure>\n\n    <\/div>\n<\/div>\n\n<div class=\"wao-blocks-row row py-3 align-item-center position-relative\" >\n    \n\n<div class=\"col-12 col-md-8 px-0 order-md-1 order-2 js--hideme\"\n    data-anim=\"bounceInLeft\"\n     \n\t \n\t>\n        \n    <figure\n        class=\"wao-blocks-immagine-bkg\"\n        style=\"background: url('http:\/\/www.hotelemilia.it\/wp-content\/uploads\/2021\/05\/DSCF5988_3_4-1024x768.jpg') center center \/ cover no-repeat; min-height: 600px;\"\n        >\n            <\/figure>\n\n    <\/div>\n\n\n<div class=\"col-12 col-md-6 p-3 d-flex align-items-center order-md-2 order-1 img-overlap-dx\"\n     \n\t \n\t>\n        \n<div class=\"box-dx-over\">\n\n\n<h2 class=\"wp-block-heading\">Das Restaurant Halle<\/h2>\n\n\n\n<h3 class=\"font-alternativo pb-3 wp-block-heading\">Eine sch\u00f6ne und komfortable Umgebung<\/h3>\n\n\n\n<p>Unser Speisesaal ist sehr gem\u00fctlich und ist der ideale Ort, um Ihre Essenszeit mit Ruhe zu verbringen.<\/p>\n\n\n\n<p>Das Mittag- und Abendessen wird am Tisch serviert und unsere G\u00e4ste k\u00f6nnen sich ihr Essen aus einem <strong>Men\u00fcauswahl<\/strong>immer abwechslungsreich und lecker. Zus\u00e4tzlich gibt es ein reichhaltiges Buffet mit Gem\u00fcse und Vorspeisen zu den Hauptgerichten.<\/p>\n\n\n\n<p>In Bezug auf die Essenszeiten kann der <strong>Mittagessen <\/strong>bedient <strong>von 12:30<\/strong>w\u00e4hrend <strong>Abendessen ab 19:15<\/strong>.<\/p>\n\n\n<\/div>\n    <\/div>\n<\/div>\n\n<div class=\"wao-blocks-row row py-3 justify-content-end align-item-center\" >\n    \n\n<div class=\"col-12 col-md-6 max-w-600 p-md-5 p-3 d-flex align-items-center\"\n     \n\t \n\t>\n        \n<div>\n\n\n<h2 class=\"wp-block-heading\">Unser Restaurant ist perfekt f\u00fcr Familien<\/h2>\n\n\n\n<h3 class=\"font-alternativo pb-3 wp-block-heading\">Alle Vorsichtsma\u00dfnahmen f\u00fcr Kinder und Eltern!<\/h3>\n\n\n\n<p>Unser Restaurant ist auch f\u00fcr Familien mit Kindern geeignet, f\u00fcr unsere kleinen G\u00e4ste stehen ma\u00dfgeschneiderte St\u00fchle zur Verf\u00fcgung, <strong>Hochst\u00fchle <\/strong>und eine<strong> Sondermen\u00fc <\/strong>f\u00fcr sie reserviert, mit leckeren und gesunden Vorschl\u00e4gen! Dar\u00fcber hinaus gibt es f\u00fcr M\u00fctter die <strong>M\u00f6glichkeit der selbst\u00e4ndigen Zubereitung von Mahlzeiten<\/strong> f\u00fcr die Kleinen.<\/p>\n\n\n<\/div>\n    <\/div>\n\n\n<div class=\"col-12 col-md-6 px-0 js--hideme\"\n    data-anim=\"bounceInRight\"\n     \n\t \n\t>\n        \n    <figure\n        class=\"wao-blocks-immagine-bkg\"\n        style=\"background: url('http:\/\/www.hotelemilia.it\/wp-content\/uploads\/2021\/05\/DSCF5903-1024x683.jpg') center center \/ cover no-repeat; min-height: 600px;\"\n        >\n            <\/figure>\n\n    <\/div>\n<\/div>\n\n<div class=\"wao-blocks-row row py-3 align-item-center position-relative\" >\n    \n\n<div class=\"col-12 col-md-8 px-0 order-md-1 order-2 js--hideme\"\n    data-anim=\"bounceInLeft\"\n     \n\t \n\t>\n        \n    <figure\n        class=\"wao-blocks-immagine-bkg\"\n        style=\"background: url('http:\/\/www.hotelemilia.it\/wp-content\/uploads\/2021\/05\/P1090110-1024x769.jpg') center center \/ cover no-repeat; min-height: 600px;\"\n        >\n            <\/figure>\n\n    <\/div>\n\n\n<div class=\"col-12 col-md-6 p-3 d-flex align-items-center order-md-2 order-1 img-overlap-dx\"\n     \n\t \n\t>\n        \n<div class=\"box-dx-over\">\n\n\n<h2 class=\"wp-block-heading\">Glutenfrei<\/h2>\n\n\n\n<h3 class=\"font-alternativo pb-3 wp-block-heading\">Verschiedene Vorschl\u00e4ge f\u00fcr jeden Bedarf<\/h3>\n\n\n\n<p>F\u00fcr Kunden<strong> glutenunvertr\u00e4glich<\/strong> oder f\u00fcr die <strong>Vegetarier<\/strong>Es besteht die M\u00f6glichkeit, im Voraus eine <strong>Alternativmen\u00fc<\/strong> nach eigenem Gusto.<\/p>\n\n\n\n<p>Die Auswahl von Produkten erster Qualit\u00e4t, immer frisch und in der Saison, ist eine der St\u00e4rken des Hotel Emilia, das sich jeden Tag daf\u00fcr einsetzt, seinen Kunden nur das Beste zu bieten.<\/p>\n\n\n<\/div>\n    <\/div>\n<\/div>\n<\/section>","protected":false},"excerpt":{"rendered":"","protected":false},"author":1,"featured_media":0,"parent":0,"menu_order":0,"comment_status":"closed","ping_status":"closed","template":"","meta":{"footnotes":""},"class_list":["post-94","page","type-page","status-publish","hentry"],"_links":{"self":[{"href":"https:\/\/www.hotelemilia.it\/de\/wp-json\/wp\/v2\/pages\/94","targetHints":{"allow":["GET"]}}],"collection":[{"href":"https:\/\/www.hotelemilia.it\/de\/wp-json\/wp\/v2\/pages"}],"about":[{"href":"https:\/\/www.hotelemilia.it\/de\/wp-json\/wp\/v2\/types\/page"}],"author":[{"embeddable":true,"href":"https:\/\/www.hotelemilia.it\/de\/wp-json\/wp\/v2\/users\/1"}],"replies":[{"embeddable":true,"href":"https:\/\/www.hotelemilia.it\/de\/wp-json\/wp\/v2\/comments?post=94"}],"version-history":[{"count":0,"href":"https:\/\/www.hotelemilia.it\/de\/wp-json\/wp\/v2\/pages\/94\/revisions"}],"wp:attachment":[{"href":"https:\/\/www.hotelemilia.it\/de\/wp-json\/wp\/v2\/media?parent=94"}],"curies":[{"name":"wp","href":"https:\/\/api.w.org\/{rel}","templated":true}]}}