{"id":82,"date":"2021-05-21T15:21:00","date_gmt":"2021-05-21T13:21:00","guid":{"rendered":"http:\/\/www.hotelemilia.it\/?page_id=82"},"modified":"2022-09-14T13:26:41","modified_gmt":"2022-09-14T11:26:41","slug":"servizi","status":"publish","type":"page","link":"https:\/\/www.hotelemilia.it\/de\/servizi\/","title":{"rendered":"Dienste"},"content":{"rendered":"<div id=\"flc-carousel\" data-cellalign=\"center\" data-bglazyload=\"1\" data-freescroll=\"true\" data-wraparound=\"true\" data-autoplay=\"2000\" data-pauseautoplayonhover =\"true\" data-prevnextbuttons=\"false\" data-contain=\"true\" data-pagedots=\"false\" data-draggable=\"false\" data-groupcells=\"1\" data-fade=\"true\" class=\"js--flickity wao-blocks-slider flc-carousel-18795\"  >\n\n                            <div class=\"w-100\">\n                    \n    <div style='background: url(http:\/\/www.hotelemilia.it\/wp-content\/uploads\/2021\/05\/ingresso5.jpg)center center ; background-blend-mode: multiply; background-size: cover; height: 60vh; background-position: 50% 50%;' class='wao-blocks-flc-banner'>\n        <div \n            class='carousel-caption mobile-tablet-centered' \n                        style='max-width: 100%; bottom: ; background-color:  ; margin:  auto            '>\n                    <\/div>\n        <style>\n            @media screen and (max-width: 992px) {\n                .mobile-tablet-centered {\n                    margin: auto !important;\n                }\n            }\n        <\/style>\n    <\/div>\n    \n                <\/div>\n            \n<\/div>\n\n<section class=\"wao-blocks-container container-fluid mb-2 py-4\"\n\t\t>\n    \n<div class=\"wao-blocks-row row max-w-1400 mx-auto\" >\n    \n\n<div class=\"col-12 col-md-12\"\n     \n\t \n\t>\n        \n\n<div class=\"breadcrumb-block font-weight-bold\"\n    >\n    <div class=\"text-primary text-uppercase\">\n        <a href=\"https:\/\/www.hotelemilia.it\/de\" rel=\"nofollow\" title=\"Startseite\">Startseite &gt;<\/a>\n        Dienste    <\/div>\n<\/div>\n    <\/div>\n<\/div>\n<\/section>\n\n<section class=\"wao-blocks-container container-fluid mb-2\"\n\t\t>\n    \n<div class=\"wao-blocks-row row py-3 justify-content-end align-item-center\" >\n    \n\n<div class=\"col-12 col-md-6 max-w-600 p-md-5 p-3 d-flex align-items-center\"\n     \n\t \n\t>\n        \n<div>\n\n\n<h2 class=\"pb-3 wp-block-heading\">Alle unsere Leistungen f\u00fcr einen Traumurlaub!<\/h2>\n\n\n\n<p>Das Hotel Emilia bietet seinen G\u00e4sten viele Dienstleistungen an, um einen Urlaub in vollem Komfort zu garantieren.<\/p>\n\n\n\n<p>Zur Verf\u00fcgung der G\u00e4ste steht ein <strong>kostenloses Parken <\/strong>und immer verf\u00fcgbar (Eingang von der Via Kassala), f\u00fcr diejenigen, die sich mit dem Auto fortbewegen wollen, ohne sich um etwas k\u00fcmmern zu m\u00fcssen.<\/p>\n\n\n<\/div>\n    <\/div>\n\n\n<div class=\"col-12 col-md-6 px-0 js--hideme\"\n    data-anim=\"bounceInRight\"\n     \n\t \n\t>\n        \n    <figure\n        class=\"wao-blocks-immagine-bkg\"\n        style=\"background: url('http:\/\/www.hotelemilia.it\/wp-content\/uploads\/2021\/05\/hotel-emilia-esteno-20-1024x683.jpg') center center \/ cover no-repeat; min-height: 600px;\"\n        >\n            <\/figure>\n\n    <\/div>\n<\/div>\n\n<div class=\"wao-blocks-row row py-3 align-item-center position-relative\" >\n    \n\n<div class=\"col-12 col-md-8 px-0 order-md-1 order-2 js--hideme\"\n    data-anim=\"bounceInLeft\"\n     \n\t \n\t>\n        \n    <figure\n        class=\"wao-blocks-immagine-bkg\"\n        style=\"background: url('http:\/\/www.hotelemilia.it\/wp-content\/uploads\/2021\/05\/ingresso1-1024x683.jpg') center center \/ cover no-repeat; min-height: 600px;\"\n        >\n            <\/figure>\n\n    <\/div>\n\n\n<div class=\"col-12 col-md-6 p-3 d-flex align-items-center order-md-2 order-1 img-overlap-dx\"\n     \n\t \n\t>\n        \n<div class=\"box-dx-over\">\n\n\n<h2 class=\"wp-block-heading\">Hotel Dienstleistungen<\/h2>\n\n\n\n<h3 class=\"font-alternativo pb-3 wp-block-heading\">Gemeinsame Bereiche<\/h3>\n\n\n\n<p>Beim Betreten des Hotels werden die G\u00e4ste begr\u00fc\u00dft in <strong>eine gro\u00dfe Halle<\/strong>in dessen N\u00e4he sich auch die <strong>bar <\/strong>um einen Kaffee oder einen Aperitif zu trinken, w\u00e4hrend man auf das Mittag- oder Abendessen wartet.<\/p>\n\n\n<\/div>\n    <\/div>\n<\/div>\n\n<div class=\"wao-blocks-row row py-3 justify-content-end align-item-center\" >\n    \n\n<div class=\"col-12 col-md-5 max-w-600 p-md-5 p-3 d-flex align-items-center\"\n     \n\t \n\t>\n        \n<div>\n\n\n<h2 class=\"wp-block-heading\">Die R\u00e4ume<\/h2>\n\n\n\n<h3 class=\"font-alternativo pb-3 wp-block-heading\">Sich zu Hause f\u00fchlen<\/h3>\n\n\n\n<p>Das Hotel Emilia hat <strong>Zimmer<\/strong> geeignet f\u00fcr<strong> jeder Bedarf<\/strong>um unseren G\u00e4sten nur das Beste zu bieten.<\/p>\n\n\n\n<p>Jede Etage ist bequem mit dem Aufzug erreichbar, was auch f\u00fcr den Gep\u00e4cktransport praktisch ist.<\/p>\n\n\n<\/div>\n    <\/div>\n\n\n<div class=\"col-12 col-md-7 px-0 js--hideme\"\n    data-anim=\"bounceInRight\"\n     \n\t \n\t>\n        \n    <figure\n        class=\"wao-blocks-immagine-bkg\"\n        style=\"background: url('http:\/\/www.hotelemilia.it\/wp-content\/uploads\/2021\/05\/P1080539-1024x769.jpg') center center \/ cover no-repeat; min-height: 600px;\"\n        >\n            <\/figure>\n\n    <\/div>\n<\/div>\n\n<div class=\"wao-blocks-row row py-3 align-item-center position-relative\" >\n    \n\n<div class=\"col-12 col-md-8 px-0 order-md-1 order-2 js--hideme\"\n    data-anim=\"bounceInLeft\"\n     \n\t \n\t>\n        \n    <figure\n        class=\"wao-blocks-immagine-bkg\"\n        style=\"background: url('http:\/\/www.hotelemilia.it\/wp-content\/uploads\/2021\/05\/ingresso6-1024x683.jpg') center center \/ cover no-repeat; min-height: 600px;\"\n        >\n            <\/figure>\n\n    <\/div>\n\n\n<div class=\"col-12 col-md-6 p-3 d-flex align-items-center order-md-2 order-1 img-overlap-dx\"\n     \n\t \n\t>\n        \n<div class=\"box-dx-over\">\n\n\n<h2 class=\"wp-block-heading\">Andere Dienste<\/h2>\n\n\n\n<h3 class=\"font-alternativo pb-3 wp-block-heading\">Unsere Aufmerksamkeiten f\u00fcr G\u00e4ste<\/h3>\n\n\n\n<p>Zus\u00e4tzlich zu den vielen bereits aufgef\u00fchrten Dienstleistungen, im Hotel vorhanden ist:<\/p>\n\n\n\n<ul class=\"wp-block-list\"><li>A <strong>Kaution <\/strong>f\u00fcr die <strong>Gep\u00e4ck<\/strong>f\u00fcr diejenigen, die sich entscheiden, ihren letzten Tag am Meer zu verbringen und in aller Ruhe abzureisen;<\/li><li>Fotokopierservice an der Rezeption;<\/li><li>Mitarbeiter in <strong>Empfang <\/strong>bis <strong>Mitternacht<\/strong>G\u00e4ste bis in die sp\u00e4ten Abendstunden zu empfangen;<\/li><li><strong>Wi-Fi <\/strong>kostenlos im gesamten Hotel.<\/li><li>M\u00f6glichkeit zur Erstellung eines<strong> Fotoshooting<\/strong> f\u00fcr Paare oder Familien, am Strand oder im Hotel (gegen Aufpreis).<\/li><\/ul>\n\n\n<\/div>\n    <\/div>\n<\/div>\n<\/section>","protected":false},"excerpt":{"rendered":"","protected":false},"author":1,"featured_media":0,"parent":0,"menu_order":0,"comment_status":"closed","ping_status":"closed","template":"","meta":{"footnotes":""},"class_list":["post-82","page","type-page","status-publish","hentry"],"_links":{"self":[{"href":"https:\/\/www.hotelemilia.it\/de\/wp-json\/wp\/v2\/pages\/82","targetHints":{"allow":["GET"]}}],"collection":[{"href":"https:\/\/www.hotelemilia.it\/de\/wp-json\/wp\/v2\/pages"}],"about":[{"href":"https:\/\/www.hotelemilia.it\/de\/wp-json\/wp\/v2\/types\/page"}],"author":[{"embeddable":true,"href":"https:\/\/www.hotelemilia.it\/de\/wp-json\/wp\/v2\/users\/1"}],"replies":[{"embeddable":true,"href":"https:\/\/www.hotelemilia.it\/de\/wp-json\/wp\/v2\/comments?post=82"}],"version-history":[{"count":2,"href":"https:\/\/www.hotelemilia.it\/de\/wp-json\/wp\/v2\/pages\/82\/revisions"}],"predecessor-version":[{"id":1375,"href":"https:\/\/www.hotelemilia.it\/de\/wp-json\/wp\/v2\/pages\/82\/revisions\/1375"}],"wp:attachment":[{"href":"https:\/\/www.hotelemilia.it\/de\/wp-json\/wp\/v2\/media?parent=82"}],"curies":[{"name":"wp","href":"https:\/\/api.w.org\/{rel}","templated":true}]}}