{"id":127,"date":"2021-05-21T15:40:13","date_gmt":"2021-05-21T13:40:13","guid":{"rendered":"http:\/\/www.hotelemilia.it\/?page_id=127"},"modified":"2021-06-04T15:29:26","modified_gmt":"2021-06-04T13:29:26","slug":"contatti","status":"publish","type":"page","link":"https:\/\/www.hotelemilia.it\/de\/contatti\/","title":{"rendered":"Kontakt"},"content":{"rendered":"<section class=\"wao-blocks-container container-fluid mb-2 py-4\"\n\t\t>\n    \n<div class=\"wao-blocks-row row max-w-1400 mx-auto\" >\n    \n\n<div class=\"col-12 col-md-12\"\n     \n\t \n\t>\n        \n\n<div class=\"breadcrumb-block font-weight-bold\"\n    >\n    <div class=\"text-primary text-uppercase \">\n        <a href=\"https:\/\/www.hotelemilia.it\/de\" rel=\"nofollow\" title=\"Home\">Home ><\/a>\n        Contatti    <\/div>\n<\/div>\n    <\/div>\n<\/div>\n<\/section>\n\n<section class=\"wao-blocks-container container mb-2\"\n\t\t>\n    \n<div class=\"wao-blocks-row row\" >\n    \n\n<div class=\"col-12 col-md-12\"\n     \n\t \n\t>\n        \n\n<h1 class=\"text-center wp-block-heading\">Contatti<\/h1>\n\n\n\n<p class=\"text-center\">Tutti i contatti dell\u2019Hotel Emilia per poter richiedere informazioni oppure un preventivo personalizzato.<\/p>\n\n\n\n<div class=\"merida_root max-w-800 mx-auto p-md-4 bg-white\" id=\"merida_block\"><\/div>\n\n<script>\nvar merida_config_merida_block = {\n    customerId: 2185 ,\n    showSuccessModal : true,\n    rootEl: \"merida_block\",\n    childrenAgeMax: 16,\n    childrenAgeMin: 0,\n    layout: \"compact\",\n    language: \"de\",\n                theme : {\n        colors: {\n            primary: '#69a0b9',\n            primaryTextAlt: '#ffffff',\n            secondary: '#69a0b9',\n            secondaryTextAlt: '#ffffff',\n            text: '#333333',\n            error: '#cc0033',\n            formBackground: '#ffffff',\n            label: '#4d4d4d',\n            labelInput: '#69a0b9',\n            labelInputActive: '#69a0b9',\n            inputBackground: '#eeeeee',\n            inputBorder: '#eeeeee',\n            checkboxBorder: '#eeeeee',\n        }\n    },\n    onSuccess : function(res) {\n        \n                        if (typeof(ga) !== 'undefined') {\n                   ga('send', 'event', 'Email', 'Invio', 'Form');\n                }\n                    }\n};\n\n(function(url, cb) {\n    var s = document.createElement(\"script\");\n    s.type = \"text\/javascript\";\n\n    if (s.readyState) { \/\/IE\n        s.onreadystatechange = function() {\n            if (s.readyState == \"loaded\" || s.readyState == \"complete\") {\n                s.onreadystatechange = null;\n                cb();\n            }\n        };\n    } else { \/\/Others\n        s.onload = function() {\n            cb();\n        };\n    }\n\n    s.src = url;\n    document.getElementsByTagName(\"head\")[0].appendChild(s);\n})(\"https:\/\/static.adriasonline.it\/merida\/latest\/merida.js\", function() {\n    window.aoForm = merida(merida_config_merida_block);\n});\n<\/script>\n    <\/div>\n<\/div>\n<\/section>\n\n<section class=\"wao-blocks-container container-fluid mb-2 pt-5\"\n\t\t>\n    \n<div class=\"wao-blocks-row row align-items-end\" >\n    \n\n<div class=\"col-12 col-lg-4 p-1\"\n     \n\t \n\t>\n        \n\n<div class=\"wao-blocks-immagine-src mb-neg-60 text-center\" \n    >\n                    <img decoding=\"async\" src=\"http:\/\/www.hotelemilia.it\/wp-content\/uploads\/2021\/05\/ico-posta-footer-1.png\"  class=\"img-fluid\"  alt=\"ico-posta-footer (1)\">\n    <\/div>\n\n<div class=\"freccia-col-top-primary\"><\/div>\n<div class=\"g--bkg-light-02 p-3 p-lg-5\">\n\n\n<h2 class=\"has-text-align-center wp-block-heading\">Newsletter<\/h2>\n\n\n\n<p>Tutte le nostre offerte e promozioni in anteprima solo per te. Lasciaci la tua email, pensiamo a tutto noi.<\/p>\n\n\n<script src=\"https:\/\/www.google.com\/recaptcha\/enterprise.js?render=6LdKs-6Lc3xMIcAAAAAO2K3CkgGUYb6BcsBOk289jP7NUP\"><\/script>\n<div class=\"l--box-newsletter wao-blocks-nav-tab\" >\n    <form class=\"custom\" name=\"iscrizione_newsletter\" id=\"iscrizione_newsletter\" method=\"post\" autocomplete=\"OFF\">\n        <fieldset>\n            <div class=\"form-group column\">\n                                <div class=\"col-12 col-lg-12 mx-auto\">\n                    <input type=\"text\" class=\"form-control mb-3\" id=\"news_nome\" name=\"nome\" placeholder=\"Nome*\">\n                <\/div>\n                <div class=\"col-12 col-lg-12 mx-auto\">\n                    <input type=\"text\" class=\"form-control mb-3\" id=\"news_email\" name=\"email\" value=\"\" placeholder=\"Email*\">\n                <\/div>\n                <div id=\"newsletter\" class=\"col-12 col-lg-12 mx-auto\">\n<input value=\"on\" type=\"checkbox\" name=\"news_privacy\" id=\"news_privacy\">\n<label for=\"news_privacy\">*\n    <small>\n        <a href=\"javascript:void(0)\" title=\"privacy\"\n            class=\"privacy link-privacy-policy \" style=\"cursor: pointer;\">\n            Accetto privacy\n        <\/a>\n    <\/small>\n<\/label>\n<\/div>                <div class=\"col-12 col-lg-12 mx-auto\">\n                    <button class=\"btn btn-secondary text-uppercase\"type=\"submit\" id=\"iscrizioneNewsletter\">\n                        Iscriviti\n                    <\/button>\n                    <input name=\"dominio\" type=\"hidden\" value=\"https:\/\/www.hotelemilia.it\/de\/\">\n                    <input name=\"idHotel\" type=\"hidden\" value=\"2185\">\n                    <input name=\"lingua\" type=\"hidden\" value=\"it\">\n                <\/div>\n            <\/div>\n        <\/fieldset>\n    <\/form>\n<\/div>\n<div id=\"divAlert\" class=\"h-50 w-50 m-auto alert-info d-none\" style=\"position: fixed; top: 10px; left: 10px; right: 10px; bottom: 10px; z-index: 2000; overflow: auto\">\n\t<div class=\"text-right\">\n\t\t<a class=\"btn btn-primary btn_chiudi \" href=\"javascript:void(0)\" onclick=\"location.reload(true);\" title=\"Chiudi\"><i class=\"fa fa-times\" aria-hidden=\"true\"><\/i><\/a>\n\t<\/div>\n\t<div class=\"text-center alert-info l--align-middle-vertical\" style=\"height: calc(100% - 50px);\">\n\t\t<div class=\"logo\"><\/div>\n\t\t<div class=\"text-center h-50 w-50\">\n\t\t\t<span class=\"display-3\"><i class=\"fa fa-paper-plane\" aria-hidden=\"true\"><\/i><\/span>\n\t\t\t<h4>iscrizione alla newsletter completata con successo<\/h4>\n\t\t<\/div>\n\t<\/div>\n<\/div>\n\n\n<\/div>\n<div style=\"height: 65px;\"><\/div>\n    <\/div>\n\n\n<div class=\"col-12 col-lg-4 p-1\"\n     \n\t \n\t>\n        \n\n<div class=\"wao-blocks-immagine-src\" \n    >\n                    <img decoding=\"async\" src=\"http:\/\/www.hotelemilia.it\/wp-content\/uploads\/2021\/05\/footer-ricordo-casa.jpg\"  class=\"img-fluid\"  alt=\"footer-ricordo-casa\">\n    <\/div>\n\n<div class=\"g--bkg-light-02 p-3 p-lg-5 pt-0\">\n\n\n<h2 class=\"has-text-align-center wp-block-heading\">Un ricordo da portare a casa<\/h2>\n\n\n\n<p>aggiungi alla tua vacanza un servizio fotografico professionale e personalizzato, per portarti a casa un pezzetto di riviera romagnola.<\/p>\n\n\n\n<div class=\"wao-blocks-button text-center\" >\n\t<a href=\"http:\/\/www.hotelemilia.it\/offerte\/il-tuo-servizio-fotografico-su-misura-133318.php\" \n\t\tclass=\"btn btn-secondary \"\n         \n\t\t\t\ttitle=\"SCOPRI\" \n\t>\t\n\t\t\t\tSCOPRI\t\t<i class=\"fas fa-arrow-right ml-3\"><\/i> \t<\/a>\n<\/div>\n\n<\/div>\n<div class=\"freccia-col-bottom-primary\"><\/div>\n    <\/div>\n\n\n<div class=\"col-12 col-lg-4 p-1\"\n     \n\t \n\t>\n        \n\n<div class=\"wao-blocks-immagine-src mb-neg-60 text-center\" \n    >\n                    <img decoding=\"async\" src=\"http:\/\/www.hotelemilia.it\/wp-content\/uploads\/2021\/05\/ico-tripadvisor-footer-1.png\"  class=\"img-fluid\"  alt=\"ico-tripadvisor-footer (1)\">\n    <\/div>\n\n<div class=\"freccia-col-top-primary\"><\/div>\n<div class=\"g--bkg-light-02 p-3 p-lg-5\">\n\n\n<h2 class=\"has-text-align-center wp-block-heading\">Recensioni<\/h2>\n\n\n\n<div class=\"mx-auto wao-blocks-recensioni\"  id=\"slider\">\n    <div class=\"mx-auto text-center p-3\">\n        <blockquote>\n            <div class=\"js--slider\" data-fade=\"true\" data-dots=\"true\" data-speed=\"1200\" data-toscroll=\"1\" data-autoplay=\"true\" data-toshow=\"1\" data-toshowsm=\"1\" data-toshowxs=\"1\" data-autoplay-speed=\"4000\" role=\"toolbar\">\n                \n                    <div className=\"d-block slick-slide\" data-slick-index=\"0\" aria-hidden=\"true\">\n                                                <h4><\/h4>\n                        <p>Abbiamo soggiornato ad agosto 2020 e ci siamo trovati benissimo.Personale molto cortese ed attento a tutte le esigenze. Sono celiaca e mi hanno sempre fatto mangiare divinamente. Camere pulite e vista mare. Spiaggia di fronte all'hotel.Lo consigliamo.<\/p>\n                        <strong>\n                            <i>Chiara M<\/i>\n                        <\/strong>\n                    <\/div>\n                \n                    <div className=\"d-block slick-slide\" data-slick-index=\"1\" aria-hidden=\"true\">\n                                                <h4><\/h4>\n                        <p>Ottimo Hotel, Valentina la proprietaria e il suo staff molto disponibili. Camere pulite e ristorante molto buono e vario. Colazione internazionale e molto varia.L'hotel \u00e8 difronte al mare con il lido convenzionato e molto pulito e personale disponibile. Grazie Valentina<\/p>\n                        <strong>\n                            <i>Walter Munno<\/i>\n                        <\/strong>\n                    <\/div>\n                \n                    <div className=\"d-block slick-slide\" data-slick-index=\"2\" aria-hidden=\"true\">\n                                                <h4><\/h4>\n                        <p>Un hotel ben curato pulito dove si mangia bene...la colazione la mia preferita.<br>Ottima posizione davanti la spiaggia e le camere vista mare....Vacanza fantastica... personale molto gentile lo consiglio vivamente<\/p>\n                        <strong>\n                            <i>Manu Z<\/i>\n                        <\/strong>\n                    <\/div>\n                \n                    <div className=\"d-block slick-slide\" data-slick-index=\"3\" aria-hidden=\"true\">\n                                                <h4><\/h4>\n                        <p>3 stelle stanno strette oramai ... Hotel pulito e confortevole a 4 passi nel vero senso della parola dalla spiaggia . Cibo di qualit\u00e0 che va oltre ai 3 stelle a mio avviso . Men\u00f9 sempre vario e pesce di qualit\u00e0 ! Qualit\u00e0 - prezzo eccellente<br>Complimenti a Valentina, al pap\u00e0 e al suo staff !<br>Bravi !<\/p>\n                        <strong>\n                            <i>Angelo M<\/i>\n                        <\/strong>\n                    <\/div>\n                            <\/div>\n        <\/blockquote>\n        <div class=\"d-block mx-auto\" style=\"height:50px;\"><\/div>\n    <\/div>\n<\/div>\n\n<\/div>\n<div style=\"height: 65px;\"><\/div>\n    <\/div>\n<\/div>\n<\/section>","protected":false},"excerpt":{"rendered":"","protected":false},"author":1,"featured_media":0,"parent":0,"menu_order":0,"comment_status":"closed","ping_status":"closed","template":"","meta":{"footnotes":""},"class_list":["post-127","page","type-page","status-publish","hentry"],"_links":{"self":[{"href":"https:\/\/www.hotelemilia.it\/de\/wp-json\/wp\/v2\/pages\/127","targetHints":{"allow":["GET"]}}],"collection":[{"href":"https:\/\/www.hotelemilia.it\/de\/wp-json\/wp\/v2\/pages"}],"about":[{"href":"https:\/\/www.hotelemilia.it\/de\/wp-json\/wp\/v2\/types\/page"}],"author":[{"embeddable":true,"href":"https:\/\/www.hotelemilia.it\/de\/wp-json\/wp\/v2\/users\/1"}],"replies":[{"embeddable":true,"href":"https:\/\/www.hotelemilia.it\/de\/wp-json\/wp\/v2\/comments?post=127"}],"version-history":[{"count":0,"href":"https:\/\/www.hotelemilia.it\/de\/wp-json\/wp\/v2\/pages\/127\/revisions"}],"wp:attachment":[{"href":"https:\/\/www.hotelemilia.it\/de\/wp-json\/wp\/v2\/media?parent=127"}],"curies":[{"name":"wp","href":"https:\/\/api.w.org\/{rel}","templated":true}]}}