{"id":121,"date":"2021-05-21T15:39:40","date_gmt":"2021-05-21T13:39:40","guid":{"rendered":"http:\/\/www.hotelemilia.it\/?page_id=121"},"modified":"2021-06-04T16:10:57","modified_gmt":"2021-06-04T14:10:57","slug":"rimini","status":"publish","type":"page","link":"https:\/\/www.hotelemilia.it\/de\/rimini\/","title":{"rendered":"Rimini"},"content":{"rendered":"<div id=\"flc-carousel\" data-cellalign=\"center\" data-bglazyload=\"1\" data-freescroll=\"true\" data-wraparound=\"true\" data-autoplay=\"2000\" data-pauseautoplayonhover =\"true\" data-prevnextbuttons=\"false\" data-contain=\"true\" data-pagedots=\"false\" data-draggable=\"false\" data-groupcells=\"1\" data-fade=\"true\" class=\"js--flickity wao-blocks-slider flc-carousel-80773\"  >\n\n                            <div class=\"w-100\">\n                    \n    <div style='background: url(http:\/\/www.hotelemilia.it\/wp-content\/uploads\/2021\/06\/top-rimini-001.jpg)center center ; background-blend-mode: multiply; background-size: cover; height: 60vh; background-position: center center;' class='wao-blocks-flc-banner'>\n        <div \n            class='carousel-caption mobile-tablet-centered' \n                        style='max-width: 100%; bottom: ; background-color:  ; margin:  auto            '>\n                    <\/div>\n        <style>\n            @media screen and (max-width: 992px) {\n                .mobile-tablet-centered {\n                    margin: auto !important;\n                }\n            }\n        <\/style>\n    <\/div>\n    \n                <\/div>\n            \n<\/div>\n\n<section class=\"wao-blocks-container container-fluid mb-2 py-4\"\n\t\t>\n    \n<div class=\"wao-blocks-row row max-w-1400 mx-auto\" >\n    \n\n<div class=\"col-12 col-md-12\"\n     \n\t \n\t>\n        \n\n<div class=\"breadcrumb-block font-weight-bold\"\n    >\n    <div class=\"text-primary text-uppercase\">\n        <a href=\"https:\/\/www.hotelemilia.it\/de\" rel=\"nofollow\" title=\"Startseite\">Startseite &gt;<\/a>\n        Rimini    <\/div>\n<\/div>\n    <\/div>\n<\/div>\n<\/section>\n\n<section class=\"wao-blocks-container container-fluid mb-2\"\n\t\t>\n    \n<div class=\"wao-blocks-row row\" >\n    \n\n<div class=\"col-12 col-md-12\"\n     \n\t \n\t>\n        \n\n<h2 class=\"text-center wp-block-heading\">Rimini ist der Ort des Spa\u00dfes schlechthin!<\/h2>\n\n\n\n<p class=\"text-center\">Hier ist es unm\u00f6glich, sich zu langweilen und die Stadt bietet Unterhaltung f\u00fcr alle Altersgruppen.<\/p>\n\n    <\/div>\n<\/div>\n<\/section>\n\n<section class=\"wao-blocks-container container-fluid mb-2\"\n\t\t>\n    \n<div class=\"wao-blocks-row row py-3 justify-content-end\" >\n    \n\n<div class=\"col-12 col-md-6 max-w-600 p-md-5 p-3 d-flex align-items-center\"\n     \n\t \n\t>\n        \n<div>\n\n\n<h2 class=\"wp-block-heading\">STADTZENTRUM<\/h2>\n\n\n\n<p class=\"pb-4\">Die <strong>Stadtzentrum Rimini<\/strong> ist zu allen Jahreszeiten besonders eindrucksvoll und lebendig. Seine Denkm\u00e4ler, Gesch\u00e4fte, Dienstleistungen, kommerziellen Aktivit\u00e4ten, machen es einzigartig.<\/p>\n\n\n\n<h2 class=\"wp-block-heading\">CURIOSITY<\/h2>\n\n\n\n<p>Unter der p\u00e4pstlichen Regierung wurde 1843 die <strong>erste Badeanstalt <\/strong>von dem, was sp\u00e4ter die Riviera Romagnola wurde.<\/p>\n\n\n<\/div>\n    <\/div>\n\n\n<div class=\"col-12 col-md-6 px-0 js--hideme\"\n    data-anim=\"bounceInRight\"\n     \n\t \n\t>\n        \n    <figure\n        class=\"wao-blocks-immagine-bkg\"\n        style=\"background: url('http:\/\/www.hotelemilia.it\/wp-content\/uploads\/2021\/06\/top-rimini-00.jpg') center center \/ cover no-repeat; min-height: 600px;\"\n        >\n            <\/figure>\n\n    <\/div>\n<\/div>\n\n<div class=\"wao-blocks-row row py-3 position-relative\" >\n    \n\n<div class=\"col-12 col-md-8 px-0 order-md-1 order-2 js--hideme\"\n    data-anim=\"bounceInLeft\"\n     \n\t \n\t>\n        \n    <figure\n        class=\"wao-blocks-immagine-bkg\"\n        style=\"background: url('http:\/\/www.hotelemilia.it\/wp-content\/uploads\/2021\/06\/sf-rimini.jpg') center center \/ cover no-repeat; min-height: 600px;\"\n        >\n            <\/figure>\n\n    <\/div>\n\n\n<div class=\"col-12 col-md-6 p-3 d-flex align-items-center order-md-2 order-1 img-overlap-dx\"\n     \n\t \n\t>\n        \n<div class=\"box-dx-over\">\n\n\n<h2 class=\"wp-block-heading\">EIN BISSCHEN GESCHICHTE<\/h2>\n\n\n\n<p>Rimini hat ein antikes Herz und genie\u00dft eine prestigetr\u00e4chtige Geschichte, von der es die Zeichen intakt h\u00e4lt.<\/p>\n\n\n\n<p class=\"pb-4\">Hier k\u00f6nnen Sie einige wichtige Denkm\u00e4ler besichtigen, wie zum Beispiel die<strong>Augustusbogen<\/strong>die <strong>Tiberiusbr\u00fccke<\/strong>die Malatesta-Kathedrale und viele andere.<\/p>\n\n\n\n<h2 class=\"wp-block-heading\">PALACONGRESSES<\/h2>\n\n\n\n<p>Der Palacongressi in Rimini ist eine der modernsten Konferenzeinrichtungen in Europa und eine der gr\u00f6\u00dften in Italien. Idyllisch im Herzen des Stadtzentrums gelegen, besticht es durch seine moderne und repr\u00e4sentative Architektur und ist in der Lage, wichtige Veranstaltungen zu beherbergen.<\/p>\n\n\n<\/div>\n    <\/div>\n<\/div>\n\n<div class=\"wao-blocks-row row py-3 justify-content-end\" >\n    \n\n<div class=\"col-12 col-md-6 max-w-600 p-md-5 py-5 order-md-2 order-1 d-flex align-items-center\"\n     \n\t \n\t>\n        \n<div>\n\n\n<h2 class=\"wp-block-heading\">DISCOTECHE<\/h2>\n\n\n\n<p class=\"pb-4\">Die Riviera Romagnola war schon immer ber\u00fchmt f\u00fcr ihr weltliches Leben und f\u00fcr die<strong> Nachtclubs <\/strong>die im Sommer und Winter die N\u00e4chte von Tausenden von jungen Menschen beleben, mit Vorschl\u00e4gen immer trendy, in exklusiven und einzigartigen Orten.<\/p>\n\n\n\n<h2 class=\"wp-block-heading\">WINE AND FOOD<\/h2>\n\n\n\n<p><strong>Restaurants, Gasth\u00e4user, Kneipen<\/strong> und Kioske, die entlang der K\u00fcste und im Hinterland verstreut sind, sind die perfekten Orte, um traditionelle Spezialit\u00e4ten und Geschm\u00e4cker zu genie\u00dfen.<\/p>\n\n\n\n<p>F\u00fcr Weinliebhaber sollten Sie die \"Weinstra\u00dfe\" nicht verpassen.<\/p>\n\n\n<\/div>\n    <\/div>\n\n\n<div class=\"col-12 col-md-6 order-md-2 order-1 px-0 js--hideme\"\n    data-anim=\"bounceInRight\"\n     \n\t \n\t>\n        \n    <figure\n        class=\"wao-blocks-immagine-bkg\"\n        style=\"background: url('http:\/\/www.hotelemilia.it\/wp-content\/uploads\/2021\/06\/feste-tema.jpg') center center \/ cover no-repeat; min-height: 600px;\"\n        >\n            <\/figure>\n\n    <\/div>\n<\/div>\n\n<div class=\"wao-blocks-row row py-3 position-relative\" >\n    \n\n<div class=\"col-12 col-md-8 px-0 order-md-1 order-2 js--hideme\"\n    data-anim=\"bounceInLeft\"\n     \n\t \n\t>\n        \n    <figure\n        class=\"wao-blocks-immagine-bkg\"\n        style=\"background: url('http:\/\/www.hotelemilia.it\/wp-content\/uploads\/2021\/06\/riminiterme.jpg') center center \/ cover no-repeat; min-height: 600px;\"\n        >\n            <\/figure>\n\n    <\/div>\n\n\n<div class=\"col-12 col-md-6 p-3 d-flex align-items-center order-md-2 order-1 img-overlap-dx\"\n     \n\t \n\t>\n        \n<div class=\"box-dx-over\">\n\n\n<h2 class=\"wp-block-heading\">THERMISCHES ZENTRUM<\/h2>\n\n\n\n<p class=\"pb-4\">Das Kurzentrum Rimini bietet <strong>Wellness-Service<\/strong>von <strong>Physiotherapie<\/strong>Wellness und Spa sowie Pr\u00e4vention und Gesundheit. Au\u00dferdem haben die Thermen von Rimini Vereinbarungen mit den wichtigsten Bezirken des italienischen Nationalen Gesundheitsdienstes.<\/p>\n\n\n\n<h2 class=\"wp-block-heading\">FALLINI'S WALK<\/h2>\n\n\n\n<p>In Rimini ist es m\u00f6glich, einen \"Fellini-Spaziergang\" zu machen, der auf den Spuren des <strong>Stufen <\/strong>von <strong>ber\u00fchmter Regisseur<\/strong>vom luxuri\u00f6sen und exotischen Grand Hotel, das in \"Amarcord\" gefeiert wird, \u00fcber das Fulgor-Kino im Corso d'Augusto und Borgo San Giuliano mit seinen farbenfrohen Wandmalereien bis hin zum Strand, der in \"I vitelloni\" zu sehen ist.<\/p>\n\n\n<\/div>\n    <\/div>\n<\/div>\n<\/section>","protected":false},"excerpt":{"rendered":"","protected":false},"author":1,"featured_media":0,"parent":0,"menu_order":0,"comment_status":"closed","ping_status":"closed","template":"","meta":{"footnotes":""},"class_list":["post-121","page","type-page","status-publish","hentry"],"_links":{"self":[{"href":"https:\/\/www.hotelemilia.it\/de\/wp-json\/wp\/v2\/pages\/121","targetHints":{"allow":["GET"]}}],"collection":[{"href":"https:\/\/www.hotelemilia.it\/de\/wp-json\/wp\/v2\/pages"}],"about":[{"href":"https:\/\/www.hotelemilia.it\/de\/wp-json\/wp\/v2\/types\/page"}],"author":[{"embeddable":true,"href":"https:\/\/www.hotelemilia.it\/de\/wp-json\/wp\/v2\/users\/1"}],"replies":[{"embeddable":true,"href":"https:\/\/www.hotelemilia.it\/de\/wp-json\/wp\/v2\/comments?post=121"}],"version-history":[{"count":0,"href":"https:\/\/www.hotelemilia.it\/de\/wp-json\/wp\/v2\/pages\/121\/revisions"}],"wp:attachment":[{"href":"https:\/\/www.hotelemilia.it\/de\/wp-json\/wp\/v2\/media?parent=121"}],"curies":[{"name":"wp","href":"https:\/\/api.w.org\/{rel}","templated":true}]}}