{"id":112,"date":"2021-05-21T15:38:56","date_gmt":"2021-05-21T13:38:56","guid":{"rendered":"http:\/\/www.hotelemilia.it\/?page_id=112"},"modified":"2021-05-28T09:22:06","modified_gmt":"2021-05-28T07:22:06","slug":"offerte-business","status":"publish","type":"page","link":"https:\/\/www.hotelemilia.it\/de\/offerte-business\/","title":{"rendered":"Business Angebote"},"content":{"rendered":"<section class=\"wao-blocks-container container-fluid mb-2 py-4\"\n\t\t>\n    \n<div class=\"wao-blocks-row row max-w-1400 mx-auto\" >\n    \n\n<div class=\"col-12 col-md-12\"\n     \n\t \n\t>\n        \n\n<div class=\"breadcrumb-block font-weight-bold\"\n    >\n    <div class=\"text-primary text-uppercase\">\n        <a href=\"https:\/\/www.hotelemilia.it\/de\" rel=\"nofollow\" title=\"Startseite\">Startseite &gt;<\/a>\n        Business Angebote    <\/div>\n<\/div>\n    <\/div>\n<\/div>\n<\/section>\n\n<section class=\"wao-blocks-container container mb-3\"\n\t\t>\n    \n<div class=\"wao-blocks-row row\" >\n    \n\n<div class=\"col-12 col-md-12\"\n     \n\t \n\t>\n        \n\n<h1 class=\"text-center wp-block-heading\">Business Angebote<\/h1>\n\n\n\n<p class=\"text-center\">Business-Angebote f\u00fcr Gesch\u00e4ftsreisende, die die Messe in Rimini oder andere Veranstaltungen im Palacongressi besuchen und im Hotel Emilia \u00fcbernachten und einen erholsamen Aufenthalt genie\u00dfen m\u00f6chten, bei dem alle Leistungen im Angebot enthalten sind.<\/p>\n\n\n\n<p class=\"due-colonne\"><br><\/p>\n\n    <\/div>\n<\/div>\n<\/section>\n\n<section class=\"wao-blocks-container container mb-2\"\n\t\t>\n    \n<div class=\"wao-blocks-row row py-4\" >\n    \n\n<div class=\"col-12 col-md-12\"\n     \n\t \n\t>\n        \n\n\t \n\n\t\t<article class=\"row\">\n\t\t\t<div class=\"col-12\">\n\t\t\t\t<div class=\"text-center alert alert-warning\">\n\t\t\t\t\t<h4>Es tut uns leid, es gibt im Moment keine Angebote<\/h4>\n\t\t\t\t\t<p>Informieren Sie sich auf der Seite Preisliste <a href=\"https:\/\/www.hotelemilia.it\/de\/listino\/\" title=\"Weiter zur Seite\"> <b>preisliste<\/b> <\/a><\/p>\n\t\t\t\t\t\t\t\t\t<\/div>\n\t\t\t<\/div>\n\t\t<\/article>\n\t\n    <\/div>\n<\/div>\n<\/section>","protected":false},"excerpt":{"rendered":"","protected":false},"author":1,"featured_media":0,"parent":0,"menu_order":0,"comment_status":"closed","ping_status":"closed","template":"","meta":{"footnotes":""},"class_list":["post-112","page","type-page","status-publish","hentry"],"_links":{"self":[{"href":"https:\/\/www.hotelemilia.it\/de\/wp-json\/wp\/v2\/pages\/112","targetHints":{"allow":["GET"]}}],"collection":[{"href":"https:\/\/www.hotelemilia.it\/de\/wp-json\/wp\/v2\/pages"}],"about":[{"href":"https:\/\/www.hotelemilia.it\/de\/wp-json\/wp\/v2\/types\/page"}],"author":[{"embeddable":true,"href":"https:\/\/www.hotelemilia.it\/de\/wp-json\/wp\/v2\/users\/1"}],"replies":[{"embeddable":true,"href":"https:\/\/www.hotelemilia.it\/de\/wp-json\/wp\/v2\/comments?post=112"}],"version-history":[{"count":0,"href":"https:\/\/www.hotelemilia.it\/de\/wp-json\/wp\/v2\/pages\/112\/revisions"}],"wp:attachment":[{"href":"https:\/\/www.hotelemilia.it\/de\/wp-json\/wp\/v2\/media?parent=112"}],"curies":[{"name":"wp","href":"https:\/\/api.w.org\/{rel}","templated":true}]}}